{"id":1417,"date":"2023-01-05T15:02:17","date_gmt":"2023-01-05T14:02:17","guid":{"rendered":"https:\/\/www.gefleflytt.se\/?page_id=1417"},"modified":"2023-06-15T12:30:12","modified_gmt":"2023-06-15T10:30:12","slug":"gdpr","status":"publish","type":"page","link":"https:\/\/www.gefleflytt.se\/en\/gdpr\/","title":{"rendered":"GDPR"},"content":{"rendered":"<div data-elementor-type=\"wp-page\" data-elementor-id=\"1417\" class=\"elementor elementor-1417\" wpc-filter-elementor-widget=\"1\" data-elementor-post-type=\"page\">\n\t\t\t\t<div class=\"elementor-element elementor-element-0e23a7b e-flex e-con-boxed e-con e-parent\" data-id=\"0e23a7b\" data-element_type=\"container\" data-e-type=\"container\">\n\t\t\t\t\t<div class=\"e-con-inner\">\n\t\t\t\t<div class=\"elementor-element elementor-element-c859c32 elementor-widget elementor-widget-text-editor\" data-id=\"c859c32\" data-element_type=\"widget\" data-e-type=\"widget\" data-widget_type=\"text-editor.default\">\n\t\t\t\t<div class=\"elementor-widget-container\">\n\t\t\t\t\t\t\t\t\t<h3>BEHANDLING AV DINA PERSONUPPGIFTER<\/h3><p><strong>Vad g\u00f6r Gefleborgs Flyttservice med dina personuppgifter?<\/strong><\/p><p>Gefleborgs Flyttservice har r\u00e4tt att behandla dina angivna uppgifter i den utstr\u00e4ckning som beh\u00f6vs f\u00f6r att kunna fullg\u00f6ra v\u00e5rt uppdrag f\u00f6r dig. Uppgifterna kan komma att behandlas i samband med offerter, f\u00f6rberedelse och administration vid uppdragsbokningar, ifyllnad av formul\u00e4r eller vid arbetsans\u00f6kan via v\u00e5r hemsida. Dina uppgifter behandlas ocks\u00e5 f\u00f6r att uppfylla r\u00e4ttsliga skyldigheter som Gefleborgs Flyttservice har. Exempel p\u00e5 detta kan vara redovisning av skattereduktion till Skatteverket i samband med RUT-avdrag.<\/p><p>Personuppgifterna utg\u00f6r ocks\u00e5 underlag f\u00f6r marknads- och kundanalyser, aff\u00e4rsuppf\u00f6ljning och f\u00f6retagsutveckling.<\/p><p>Inom ramen f\u00f6r g\u00e4llande sekretessbest\u00e4mmelser kan personuppgifterna \u00e4ven behandlas av underleverant\u00f6rer eller samarbetspartners till Gefleborgs Flyttservice. Vi till\u00e5ter inte under n\u00e5gra som helst omst\u00e4ndigheter att underleverant\u00f6rerna eller samarbetspartner anv\u00e4nder uppgifterna i andra syften \u00e4n de som Gefleborgs Flyttservice definierat.<\/p><h5><strong>Vem \u00e4r ansvarig f\u00f6r de personuppgifter jag anger?\u00a0<\/strong><\/h5><p>Gefleborgs Flyttservice AB \u00e4r personuppgiftsansvarig f\u00f6r det personuppgifter du anger vid kontakt med oss.<\/p><h5><strong>Vilka r\u00e4ttigheter har den registrerade?<\/strong><\/h5><p>Den vars personuppgifter behandlas (den registrerade) har r\u00e4tt att beg\u00e4ra ett registerutdrag som inneh\u00e5ller information om vilka personuppgifter som Gefleborgs Flyttservice behandlar om denne och hur denna information behandlas. Om du \u00f6nskar f\u00e5 ett registerutdrag ska det skriftligen beg\u00e4ras p\u00e5 nedanst\u00e5ende adress.<\/p><p>Den registrerade kan ocks\u00e5 beg\u00e4ra r\u00e4ttelse av felaktiga uppgifter och \u00e4ven under vissa f\u00f6ruts\u00e4ttningar beg\u00e4ra att f\u00e5 blir raderad. Om du \u00f6nskar g\u00f6ra en \u00e4ndring av felaktiga uppgifter eller \u00f6nskan om radering av uppgifter ska det skriftligen beg\u00e4ras p\u00e5 nedanst\u00e5ende adress.<\/p><p>Gefleborgs Flyttservice AB<br \/>L\u00f6t\u00e4ngsgatan 14<br \/>803 01 G\u00e4vle<\/p><h5><strong>Hur l\u00e4nge kommer Gefleborgs Flyttservice att behandla den registrerades personuppgifter?<\/strong><\/h5><p>Gefleborgs Flyttservice kommer endast att behandla personuppgifter s\u00e5 l\u00e4nge \u00e4ndam\u00e5let f\u00f6r behandlingen kvarst\u00e5r eller om uppgifterna omfattas av lagstadgade skyldigheter, s\u00e5 som exempelvis bokf\u00f6ringslagen. D\u00e4refter kommer uppgifterna att raderas.<\/p><h5><strong>Allm\u00e4nt<\/strong><\/h5><p>Gefleborgs Flyttservice samlar via Google Analytic in uppgifter med syftet att analysera bes\u00f6karnas anv\u00e4ndning och aktiviteter p\u00e5 v\u00e5r hemsida. Uppgifterna anv\u00e4nds inte f\u00f6r att identifiera enskilda bes\u00f6kare.<\/p><p>Gefleborgs Flyttservice lagrar webbstatistik f\u00f6r att s\u00e4kra den tekniska funktionaliteten och anv\u00e4ndningen samt f\u00f6r utveckling av v\u00e5r hemsida och f\u00f6r k\u00e4nnedom om bes\u00f6karnas behov. Gefleborgs Flyttservice \u00f6vervakar den insamlade informationen och \u00f6verl\u00e5ter den inte till tredje part. F\u00f6retaget iakttar integritetsskyddet genom att f\u00f6lja de standardavtalsklausuler som EU-kommissionen har tagit fram.<\/p><h5><strong>Dessa uppgifter samlas in<\/strong><\/h5><p>Gefleborgs Flyttservice samlar in och analyserar bland annat f\u00f6ljande uppgifter om bes\u00f6karna p\u00e5 v\u00e5r hemsida;<\/p><ul><li>IP-adress<\/li><li>Webbl\u00e4sare (Internet Explorer, Firefox etc.)<\/li><li>Operativsystem (Windows etc.)<\/li><li>Bes\u00f6kta sidor<\/li><\/ul><h5><strong>Samtycke<\/strong><\/h5><p>I samband med att du blir kund hos Gefleborgs Flyttservice samtycker du till att vi anv\u00e4nder dina personuppgifter i syfte att erbjuda dig specifika och relevanta erbjudanden om tj\u00e4nster och produkter som Gefleborgs Flyttservice tillhandah\u00e5ller. Denna behandling har samtycke som grund vilket inneb\u00e4r att du n\u00e4r som helst kan \u00e5terkalla ditt samtycke. Gefleborgs Flyttservice kommer d\u00e5 att inte behandla ytterligare personuppgifter eller att uppdatera tidigare l\u00e4mnade personuppgifter i samband med n\u00e4mnda behandling.<\/p><h5><strong>Fr\u00e5gor och funderingar<\/strong><\/h5><p>V\u00e4nligen ta kontakt med oss vid eventuella fr\u00e5gor och funderingar kring ovanst\u00e5ende information.<\/p>\t\t\t\t\t\t\t\t<\/div>\n\t\t\t\t<\/div>\n\t\t\t\t\t<\/div>\n\t\t\t\t<\/div>\n\t\t\t\t<\/div>","protected":false},"excerpt":{"rendered":"<p>BEHANDLING AV DINA PERSONUPPGIFTER Vad g\u00f6r Gefleborgs Flyttservice med dina personuppgifter? Gefleborgs Flyttservice har r\u00e4tt att behandla dina angivna uppgifter i den utstr\u00e4ckning som beh\u00f6vs f\u00f6r att kunna fullg\u00f6ra v\u00e5rt uppdrag f\u00f6r dig. Uppgifterna kan komma att behandlas i samband med offerter, f\u00f6rberedelse och administration vid uppdragsbokningar, ifyllnad av formul\u00e4r eller vid arbetsans\u00f6kan via v\u00e5r [&hellip;]<\/p>\n","protected":false},"author":1,"featured_media":0,"parent":0,"menu_order":0,"comment_status":"closed","ping_status":"closed","template":"elementor_theme","meta":{"_monsterinsights_skip_tracking":false,"_monsterinsights_sitenote_active":false,"_monsterinsights_sitenote_note":"","_monsterinsights_sitenote_category":0,"footnotes":""},"class_list":["post-1417","page","type-page","status-publish","hentry"],"_links":{"self":[{"href":"https:\/\/www.gefleflytt.se\/en\/wp-json\/wp\/v2\/pages\/1417","targetHints":{"allow":["GET"]}}],"collection":[{"href":"https:\/\/www.gefleflytt.se\/en\/wp-json\/wp\/v2\/pages"}],"about":[{"href":"https:\/\/www.gefleflytt.se\/en\/wp-json\/wp\/v2\/types\/page"}],"author":[{"embeddable":true,"href":"https:\/\/www.gefleflytt.se\/en\/wp-json\/wp\/v2\/users\/1"}],"replies":[{"embeddable":true,"href":"https:\/\/www.gefleflytt.se\/en\/wp-json\/wp\/v2\/comments?post=1417"}],"version-history":[{"count":1,"href":"https:\/\/www.gefleflytt.se\/en\/wp-json\/wp\/v2\/pages\/1417\/revisions"}],"predecessor-version":[{"id":2543,"href":"https:\/\/www.gefleflytt.se\/en\/wp-json\/wp\/v2\/pages\/1417\/revisions\/2543"}],"wp:attachment":[{"href":"https:\/\/www.gefleflytt.se\/en\/wp-json\/wp\/v2\/media?parent=1417"}],"curies":[{"name":"wp","href":"https:\/\/api.w.org\/{rel}","templated":true}]}}