{"id":1428,"date":"2023-01-05T15:10:14","date_gmt":"2023-01-05T14:10:14","guid":{"rendered":"https:\/\/www.gefleflytt.se\/?page_id=1428"},"modified":"2023-06-02T10:02:41","modified_gmt":"2023-06-02T08:02:41","slug":"sandviken","status":"publish","type":"page","link":"https:\/\/www.gefleflytt.se\/en\/sandviken\/","title":{"rendered":"Sandviken"},"content":{"rendered":"\t\t<div data-elementor-type=\"wp-page\" data-elementor-id=\"1428\" class=\"elementor elementor-1428\" wpc-filter-elementor-widget=\"1\" data-elementor-post-type=\"page\">\n\t\t\t\t<div class=\"elementor-element elementor-element-b740d96 e-flex e-con-boxed e-con e-parent\" data-id=\"b740d96\" data-element_type=\"container\" data-e-type=\"container\" data-settings=\"{&quot;background_background&quot;:&quot;classic&quot;}\">\n\t\t\t\t\t<div class=\"e-con-inner\">\n\t\t\t\t<div class=\"elementor-element elementor-element-7f499c5 elementor-widget elementor-widget-heading\" data-id=\"7f499c5\" data-element_type=\"widget\" data-e-type=\"widget\" data-widget_type=\"heading.default\">\n\t\t\t\t<div class=\"elementor-widget-container\">\n\t\t\t\t\t<h1 class=\"elementor-heading-title elementor-size-default\">V\u00e4lkommen Sandviken<\/h1>\t\t\t\t<\/div>\n\t\t\t\t<\/div>\n\t\t\t\t<div class=\"elementor-element elementor-element-312d73f elementor-widget elementor-widget-text-editor\" data-id=\"312d73f\" data-element_type=\"widget\" data-e-type=\"widget\" data-widget_type=\"text-editor.default\">\n\t\t\t\t<div class=\"elementor-widget-container\">\n\t\t\t\t\t\t\t\t\t<p>Gefleborgs Flyttservice \u00e4r sedan 2017-03-15 ny avtalsleverant\u00f6r till Sandvikens Kommun, Sandviken Hus, G\u00f6ransson Arena, H\u00f6gbo Bruks AB och Sandvikens Energi f\u00f6r flyttj\u00e4nster!<\/p>\t\t\t\t\t\t\t\t<\/div>\n\t\t\t\t<\/div>\n\t\t\t\t\t<\/div>\n\t\t\t\t<\/div>\n\t\t<div class=\"elementor-element elementor-element-78d56db e-flex e-con-boxed e-con e-parent\" data-id=\"78d56db\" data-element_type=\"container\" data-e-type=\"container\">\n\t\t\t\t\t<div class=\"e-con-inner\">\n\t\t\t\t<div class=\"elementor-element elementor-element-a2ac609 elementor-widget elementor-widget-heading\" data-id=\"a2ac609\" data-element_type=\"widget\" data-e-type=\"widget\" data-widget_type=\"heading.default\">\n\t\t\t\t<div class=\"elementor-widget-container\">\n\t\t\t\t\t<h2 class=\"elementor-heading-title elementor-size-default\">Fyll i formul\u00e4ret nedan! <\/h2>\t\t\t\t<\/div>\n\t\t\t\t<\/div>\n\t\t\t\t<div class=\"elementor-element elementor-element-7c30974 elementor-button-align-stretch elementor-widget elementor-widget-form\" data-id=\"7c30974\" data-element_type=\"widget\" data-e-type=\"widget\" data-settings=\"{&quot;step_next_label&quot;:&quot;N\\u00e4sta&quot;,&quot;step_previous_label&quot;:&quot;F\\u00f6reg\\u00e5ende&quot;,&quot;button_width&quot;:&quot;100&quot;,&quot;step_type&quot;:&quot;number_text&quot;,&quot;step_icon_shape&quot;:&quot;circle&quot;}\" data-widget_type=\"form.default\">\n\t\t\t\t<div class=\"elementor-widget-container\">\n\t\t\t\t\t\t\t<form class=\"elementor-form\" method=\"post\" name=\"Sandviken\" aria-label=\"Sandviken\">\n\t\t\t<input type=\"hidden\" name=\"post_id\" value=\"1428\"\/>\n\t\t\t<input type=\"hidden\" name=\"form_id\" value=\"7c30974\"\/>\n\t\t\t<input type=\"hidden\" name=\"referer_title\" value=\"Sandviken - Gefleborgs Flyttservice\" \/>\n\n\t\t\t\t\t\t\t<input type=\"hidden\" name=\"queried_id\" value=\"1428\"\/>\n\t\t\t\n\t\t\t<div class=\"elementor-form-fields-wrapper elementor-labels-above\">\n\t\t\t\t\t\t\t\t<div class=\"elementor-field-type-text elementor-field-group elementor-column elementor-field-group-name elementor-col-100 elementor-field-required elementor-mark-required\">\n\t\t\t\t\t\t\t\t\t\t\t\t<label for=\"form-field-name\" class=\"elementor-field-label\">\n\t\t\t\t\t\t\t\tBest\u00e4llarens namn\t\t\t\t\t\t\t<\/label>\n\t\t\t\t\t\t\t\t\t\t\t\t\t\t<input size=\"1\" type=\"text\" name=\"form_fields[name]\" id=\"form-field-name\" class=\"elementor-field elementor-size-sm  elementor-field-textual\" required=\"required\">\n\t\t\t\t\t\t\t\t\t\t\t<\/div>\n\t\t\t\t\t\t\t\t<div class=\"elementor-field-type-text elementor-field-group elementor-column elementor-field-group-field_d992854 elementor-col-100 elementor-field-required elementor-mark-required\">\n\t\t\t\t\t\t\t\t\t\t\t\t<label for=\"form-field-field_d992854\" class=\"elementor-field-label\">\n\t\t\t\t\t\t\t\tBest\u00e4llarens telefonnummer\t\t\t\t\t\t\t<\/label>\n\t\t\t\t\t\t\t\t\t\t\t\t\t\t<input size=\"1\" type=\"text\" name=\"form_fields[field_d992854]\" id=\"form-field-field_d992854\" class=\"elementor-field elementor-size-sm  elementor-field-textual\" required=\"required\">\n\t\t\t\t\t\t\t\t\t\t\t<\/div>\n\t\t\t\t\t\t\t\t<div class=\"elementor-field-type-email elementor-field-group elementor-column elementor-field-group-field_9635874 elementor-col-100 elementor-field-required elementor-mark-required\">\n\t\t\t\t\t\t\t\t\t\t\t\t<label for=\"form-field-field_9635874\" class=\"elementor-field-label\">\n\t\t\t\t\t\t\t\tBest\u00e4llarens e-post\t\t\t\t\t\t\t<\/label>\n\t\t\t\t\t\t\t\t\t\t\t\t\t\t<input size=\"1\" type=\"email\" name=\"form_fields[field_9635874]\" id=\"form-field-field_9635874\" class=\"elementor-field elementor-size-sm  elementor-field-textual\" required=\"required\">\n\t\t\t\t\t\t\t\t\t\t\t<\/div>\n\t\t\t\t\t\t\t\t<div class=\"elementor-field-type-select elementor-field-group elementor-column elementor-field-group-field_b070de1 elementor-col-100 elementor-field-required elementor-mark-required\">\n\t\t\t\t\t\t\t\t\t\t\t\t<label for=\"form-field-field_b070de1\" class=\"elementor-field-label\">\n\t\t\t\t\t\t\t\tBest\u00e4llande enhet\/f\u00f6rvaltning\t\t\t\t\t\t\t<\/label>\n\t\t\t\t\t\t\t\t<div class=\"elementor-field elementor-select-wrapper remove-before \">\n\t\t\t<div class=\"select-caret-down-wrapper\">\n\t\t\t\t<i aria-hidden=\"true\" class=\"eicon-caret-down\"><\/i>\t\t\t<\/div>\n\t\t\t<select name=\"form_fields[field_b070de1]\" id=\"form-field-field_b070de1\" class=\"elementor-field-textual elementor-size-sm\" required=\"required\">\n\t\t\t\t\t\t\t\t\t<option value=\"(V\u00e4lj)\">(V\u00e4lj)<\/option>\n\t\t\t\t\t\t\t\t\t<option value=\"Sandvikenhus AB (kundkod: 3878)\">Sandvikenhus AB (kundkod: 3878)<\/option>\n\t\t\t\t\t\t\t\t\t<option value=\"Omsorgsf\u00f6rvaltningen\/OMSO (kundkod: 3690)\">Omsorgsf\u00f6rvaltningen\/OMSO (kundkod: 3690)<\/option>\n\t\t\t\t\t\t\t\t\t<option value=\"Kommunledningskontoret\/KOMMKK (kundkod: 7054)\">Kommunledningskontoret\/KOMMKK (kundkod: 7054)<\/option>\n\t\t\t\t\t\t\t\t\t<option value=\"Kunskapsf\u00f6rvaltningen\/KUNS (kundkod: 5668)\">Kunskapsf\u00f6rvaltningen\/KUNS (kundkod: 5668)<\/option>\n\t\t\t\t\t\t\t\t\t<option value=\"Individ och omsorgsf\u00f6rvaltningen\/IFO (kundkod: 1251)\">Individ och omsorgsf\u00f6rvaltningen\/IFO (kundkod: 1251)<\/option>\n\t\t\t\t\t\t\t\t\t<option value=\"Ekonomikontoret\/KOMMEK (kundkod: 1851)\">Ekonomikontoret\/KOMMEK (kundkod: 1851)<\/option>\n\t\t\t\t\t\t\t\t\t<option value=\"Kultur och fritidsf\u00f6rvaltningen\/KULT (kundkod: 4808)\">Kultur och fritidsf\u00f6rvaltningen\/KULT (kundkod: 4808)<\/option>\n\t\t\t\t\t\t\t\t\t<option value=\"Arbetslivsf\u00f6rvaltningen\/ARBE (kundkod: 5167)\">Arbetslivsf\u00f6rvaltningen\/ARBE (kundkod: 5167)<\/option>\n\t\t\t\t\t\t\t\t\t<option value=\"N\u00e4ringslivskontoret\/KOMMNL (kundkod: 7060)\">N\u00e4ringslivskontoret\/KOMMNL (kundkod: 7060)<\/option>\n\t\t\t\t\t\t\t\t\t<option value=\"Tekniska kontoret\/KOMMTE (kundkod: 7059)\">Tekniska kontoret\/KOMMTE (kundkod: 7059)<\/option>\n\t\t\t\t\t\t\t\t\t<option value=\"Servicekontoret\/KOMMSE (kundkod: 7058)\">Servicekontoret\/KOMMSE (kundkod: 7058)<\/option>\n\t\t\t\t\t\t\t\t\t<option value=\"Personalkontoret\/KOMMPK (kundkund: 7057)\">Personalkontoret\/KOMMPK (kundkund: 7057)<\/option>\n\t\t\t\t\t\t\t\t\t<option value=\"Kommunskyddet\/KOMMKO (kundkod: 7056)\">Kommunskyddet\/KOMMKO (kundkod: 7056)<\/option>\n\t\t\t\t\t\t\t\t\t<option value=\"IT-kontoret\/KOMMIT (kundkod: 7055)\">IT-kontoret\/KOMMIT (kundkod: 7055)<\/option>\n\t\t\t\t\t\t\t\t\t<option value=\"Ink\u00f6pskontoret\/KOMMIN (kundkod: 7053)\">Ink\u00f6pskontoret\/KOMMIN (kundkod: 7053)<\/option>\n\t\t\t\t\t\t\t\t\t<option value=\"Kommunstyrelsef\u00f6rvaltningen\/KOMM (kundkod: 7052)\">Kommunstyrelsef\u00f6rvaltningen\/KOMM (kundkod: 7052)<\/option>\n\t\t\t\t\t\t\t\t\t<option value=\"Kontor\/KUNSKT (kundkod: 7064)\">Kontor\/KUNSKT (kundkod: 7064)<\/option>\n\t\t\t\t\t\t\t\t\t<option value=\"S\u00e4rskolan\/\/KUNSS\u00c4 (kundkod: 7063)\">S\u00e4rskolan\/\/KUNSS\u00c4 (kundkod: 7063)<\/option>\n\t\t\t\t\t\t\t\t\t<option value=\"F\u00f6rskolan\/KUNSFS (kundkod: 7061)\">F\u00f6rskolan\/KUNSFS (kundkod: 7061)<\/option>\n\t\t\t\t\t\t\t\t\t<option value=\"Grundskolan\/KUNSGR (kundkod: 7062)\">Grundskolan\/KUNSGR (kundkod: 7062)<\/option>\n\t\t\t\t\t\t\t\t\t<option value=\"Gymnasieskolan\/KUNSGY (kundkod: 7065)\">Gymnasieskolan\/KUNSGY (kundkod: 7065)<\/option>\n\t\t\t\t\t\t\t\t\t<option value=\"V\u00e4stra G\u00e4striklands Samh\u00e4llsbygg\/VGS (kundkod: 7051)\">V\u00e4stra G\u00e4striklands Samh\u00e4llsbygg\/VGS (kundkod: 7051)<\/option>\n\t\t\t\t\t\t\t\t\t<option value=\"Sandviken Nyttofastigheter AB (kundkod: 5587)\">Sandviken Nyttofastigheter AB (kundkod: 5587)<\/option>\n\t\t\t\t\t\t\t\t\t<option value=\"Sandviken Energi AB (kundkod: 5586)\">Sandviken Energi AB (kundkod: 5586)<\/option>\n\t\t\t\t\t\t\t\t\t<option value=\"G\u00f6ransson Arena AB (kundkod: 5588)\">G\u00f6ransson Arena AB (kundkod: 5588)<\/option>\n\t\t\t\t\t\t\t\t\t<option value=\"H\u00f6gbo Bruks AB (kundkod: 5589)\">H\u00f6gbo Bruks AB (kundkod: 5589)<\/option>\n\t\t\t\t\t\t\t<\/select>\n\t\t<\/div>\n\t\t\t\t\t\t<\/div>\n\t\t\t\t\t\t\t\t<div class=\"elementor-field-type-text elementor-field-group elementor-column elementor-field-group-field_7a86356 elementor-col-100 elementor-field-required elementor-mark-required\">\n\t\t\t\t\t\t\t\t\t\t\t\t<label for=\"form-field-field_7a86356\" class=\"elementor-field-label\">\n\t\t\t\t\t\t\t\tM\u00e4rkning\/ref f\u00f6r faktura\t\t\t\t\t\t\t<\/label>\n\t\t\t\t\t\t\t\t\t\t\t\t\t\t<input size=\"1\" type=\"text\" name=\"form_fields[field_7a86356]\" id=\"form-field-field_7a86356\" class=\"elementor-field elementor-size-sm  elementor-field-textual\" required=\"required\">\n\t\t\t\t\t\t\t\t\t\t\t<\/div>\n\t\t\t\t\t\t\t\t<div class=\"elementor-field-type-date elementor-field-group elementor-column elementor-field-group-field_f29cca0 elementor-col-100\">\n\t\t\t\t\t\t\t\t\t\t\t\t<label for=\"form-field-field_f29cca0\" class=\"elementor-field-label\">\n\t\t\t\t\t\t\t\t\u00d6nskat utf\u00f6randedatum\t\t\t\t\t\t\t<\/label>\n\t\t\t\t\t\t\n\t\t<input type=\"date\" name=\"form_fields[field_f29cca0]\" id=\"form-field-field_f29cca0\" class=\"elementor-field elementor-size-sm  elementor-field-textual elementor-date-field\" pattern=\"[0-9]{4}-[0-9]{2}-[0-9]{2}\">\n\t\t\t\t\t\t<\/div>\n\t\t\t\t\t\t\t\t<div class=\"elementor-field-type-text elementor-field-group elementor-column elementor-field-group-field_e9bf429 elementor-col-100\">\n\t\t\t\t\t\t\t\t\t\t\t\t<label for=\"form-field-field_e9bf429\" class=\"elementor-field-label\">\n\t\t\t\t\t\t\t\tFlyttar fr\u00e5n (fullst\u00e4ndig adress)\t\t\t\t\t\t\t<\/label>\n\t\t\t\t\t\t\t\t\t\t\t\t\t\t<input size=\"1\" type=\"text\" name=\"form_fields[field_e9bf429]\" id=\"form-field-field_e9bf429\" class=\"elementor-field elementor-size-sm  elementor-field-textual\">\n\t\t\t\t\t\t\t\t\t\t\t<\/div>\n\t\t\t\t\t\t\t\t<div class=\"elementor-field-type-text elementor-field-group elementor-column elementor-field-group-field_9dc4075 elementor-col-100\">\n\t\t\t\t\t\t\t\t\t\t\t\t<label for=\"form-field-field_9dc4075\" class=\"elementor-field-label\">\n\t\t\t\t\t\t\t\tFlyttar till (fullst\u00e4ndig adress)\t\t\t\t\t\t\t<\/label>\n\t\t\t\t\t\t\t\t\t\t\t\t\t\t<input size=\"1\" type=\"text\" name=\"form_fields[field_9dc4075]\" id=\"form-field-field_9dc4075\" class=\"elementor-field elementor-size-sm  elementor-field-textual\">\n\t\t\t\t\t\t\t\t\t\t\t<\/div>\n\t\t\t\t\t\t\t\t<div class=\"elementor-field-type-radio elementor-field-group elementor-column elementor-field-group-field_b1eff18 elementor-col-40 elementor-field-required elementor-mark-required\">\n\t\t\t\t\t\t\t\t\t\t\t\t<label for=\"form-field-field_b1eff18\" class=\"elementor-field-label\">\n\t\t\t\t\t\t\t\tFinns det k\u00e4nnedom om v\u00e4ggl\u00f6ss eller andra skadedjur, alternativt p\u00e4lsdjur p\u00e5 n\u00e5gon av adresserna?  \t\t\t\t\t\t\t<\/label>\n\t\t\t\t\t\t<div class=\"elementor-field-subgroup  \"><span class=\"elementor-field-option\"><input type=\"radio\" value=\"Ja\" id=\"form-field-field_b1eff18-0\" name=\"form_fields[field_b1eff18]\" required=\"required\"> <label for=\"form-field-field_b1eff18-0\">Ja<\/label><\/span><span class=\"elementor-field-option\"><input type=\"radio\" value=\"Nej\" id=\"form-field-field_b1eff18-1\" name=\"form_fields[field_b1eff18]\" required=\"required\"> <label for=\"form-field-field_b1eff18-1\">Nej<\/label><\/span><\/div>\t\t\t\t<\/div>\n\t\t\t\t\t\t\t\t<div class=\"elementor-field-type-text elementor-field-group elementor-column elementor-field-group-field_c48403d elementor-col-100\">\n\t\t\t\t\t\t\t\t\t\t\t\t<label for=\"form-field-field_c48403d\" class=\"elementor-field-label\">\n\t\t\t\t\t\t\t\tOm ja p\u00e5 ovanst\u00e5ende fr\u00e5ga, ange vilken typ av skadedjur\/p\u00e4lsdjur\t\t\t\t\t\t\t<\/label>\n\t\t\t\t\t\t\t\t\t\t\t\t\t\t<input size=\"1\" type=\"text\" name=\"form_fields[field_c48403d]\" id=\"form-field-field_c48403d\" class=\"elementor-field elementor-size-sm  elementor-field-textual\">\n\t\t\t\t\t\t\t\t\t\t\t<\/div>\n\t\t\t\t\t\t\t\t<div class=\"elementor-field-type-textarea elementor-field-group elementor-column elementor-field-group-field_42f0d26 elementor-col-100 elementor-field-required elementor-mark-required\">\n\t\t\t\t\t\t\t\t\t\t\t\t<label for=\"form-field-field_42f0d26\" class=\"elementor-field-label\">\n\t\t\t\t\t\t\t\tVad avser uppdraget? Beskriv uppdraget i stort!\t\t\t\t\t\t\t<\/label>\n\t\t\t\t\t\t<textarea class=\"elementor-field-textual elementor-field  elementor-size-sm\" name=\"form_fields[field_42f0d26]\" id=\"form-field-field_42f0d26\" rows=\"4\" required=\"required\"><\/textarea>\t\t\t\t<\/div>\n\t\t\t\t\t\t\t\t<div class=\"elementor-field-type-radio elementor-field-group elementor-column elementor-field-group-field_bd8ad47 elementor-col-100 elementor-field-required elementor-mark-required\">\n\t\t\t\t\t\t\t\t\t\t\t\t<label for=\"form-field-field_bd8ad47\" class=\"elementor-field-label\">\n\t\t\t\t\t\t\t\tBeh\u00f6vs kartonger f\u00f6r uppdraget\t\t\t\t\t\t\t<\/label>\n\t\t\t\t\t\t<div class=\"elementor-field-subgroup  \"><span class=\"elementor-field-option\"><input type=\"radio\" value=\"Ja\" id=\"form-field-field_bd8ad47-0\" name=\"form_fields[field_bd8ad47]\" required=\"required\"> <label for=\"form-field-field_bd8ad47-0\">Ja<\/label><\/span><span class=\"elementor-field-option\"><input type=\"radio\" value=\"Nej\" id=\"form-field-field_bd8ad47-1\" name=\"form_fields[field_bd8ad47]\" required=\"required\"> <label for=\"form-field-field_bd8ad47-1\">Nej<\/label><\/span><span class=\"elementor-field-option\"><input type=\"radio\" value=\"Oklart, vet ej \u00e4nnu\" id=\"form-field-field_bd8ad47-2\" name=\"form_fields[field_bd8ad47]\" required=\"required\"> <label for=\"form-field-field_bd8ad47-2\">Oklart, vet ej \u00e4nnu<\/label><\/span><\/div>\t\t\t\t<\/div>\n\t\t\t\t\t\t\t\t<div class=\"elementor-field-type-text elementor-field-group elementor-column elementor-field-group-field_06a41df elementor-col-100\">\n\t\t\t\t\t\t\t\t\t\t\t\t<label for=\"form-field-field_06a41df\" class=\"elementor-field-label\">\n\t\t\t\t\t\t\t\tOm ja p\u00e5 ovanst\u00e5ende fr\u00e5ga, hur m\u00e5nga kartonger \u00f6nskas?\t\t\t\t\t\t\t<\/label>\n\t\t\t\t\t\t\t\t\t\t\t\t\t\t<input size=\"1\" type=\"text\" name=\"form_fields[field_06a41df]\" id=\"form-field-field_06a41df\" class=\"elementor-field elementor-size-sm  elementor-field-textual\">\n\t\t\t\t\t\t\t\t\t\t\t<\/div>\n\t\t\t\t\t\t\t\t<div class=\"elementor-field-type-acceptance elementor-field-group elementor-column elementor-field-group-field_7409b19 elementor-col-100 elementor-field-required elementor-mark-required\">\n\t\t\t\t\t\t\t\t\t\t\t\t<label for=\"form-field-field_7409b19\" class=\"elementor-field-label\">\n\t\t\t\t\t\t\t\tBehandling av personuppgifter \t\t\t\t\t\t\t<\/label>\n\t\t\t\t\t\t\t\t<div class=\"elementor-field-subgroup\">\n\t\t\t<span class=\"elementor-field-option\">\n\t\t\t\t<input type=\"checkbox\" name=\"form_fields[field_7409b19]\" id=\"form-field-field_7409b19\" class=\"elementor-field elementor-size-sm  elementor-acceptance-field\" required=\"required\">\n\t\t\t\t<label for=\"form-field-field_7409b19\">Jag samtycker till att Gefleborgs Flyttservice f\u00e5r behandla mina personuppgifter enl. GDPR. <\/label>\t\t\t<\/span>\n\t\t<\/div>\n\t\t\t\t\t\t<\/div>\n\t\t\t\t\t\t\t\t<div class=\"elementor-field-type-html elementor-field-group elementor-column elementor-field-group-field_1a3f383 elementor-col-100\">\n\t\t\t\t\t<a href=\"\/gdpr\">GDPR-adress<\/a>\t\t\t\t<\/div>\n\t\t\t\t\t\t\t\t<div class=\"elementor-field-group elementor-column elementor-field-type-submit elementor-col-100 e-form__buttons\">\n\t\t\t\t\t<button class=\"elementor-button elementor-size-sm\" type=\"submit\">\n\t\t\t\t\t\t<span class=\"elementor-button-content-wrapper\">\n\t\t\t\t\t\t\t\t\t\t\t\t\t\t\t\t\t\t\t\t\t\t<span class=\"elementor-button-text\">Skicka<\/span>\n\t\t\t\t\t\t\t\t\t\t\t\t\t<\/span>\n\t\t\t\t\t<\/button>\n\t\t\t\t<\/div>\n\t\t\t<\/div>\n\t\t<\/form>\n\t\t\t\t\t\t<\/div>\n\t\t\t\t<\/div>\n\t\t\t\t\t<\/div>\n\t\t\t\t<\/div>\n\t\t\t\t<\/div>\n\t\t","protected":false},"excerpt":{"rendered":"<p>V\u00e4lkommen Sandviken Gefleborgs Flyttservice \u00e4r sedan 2017-03-15 ny avtalsleverant\u00f6r till Sandvikens Kommun, Sandviken Hus, G\u00f6ransson Arena, H\u00f6gbo Bruks AB och Sandvikens Energi f\u00f6r flyttj\u00e4nster! Fyll i formul\u00e4ret nedan!<\/p>","protected":false},"author":1,"featured_media":0,"parent":0,"menu_order":0,"comment_status":"closed","ping_status":"closed","template":"","meta":{"_monsterinsights_skip_tracking":false,"_monsterinsights_sitenote_active":false,"_monsterinsights_sitenote_note":"","_monsterinsights_sitenote_category":0,"footnotes":""},"class_list":["post-1428","page","type-page","status-publish","hentry"],"_links":{"self":[{"href":"https:\/\/www.gefleflytt.se\/en\/wp-json\/wp\/v2\/pages\/1428","targetHints":{"allow":["GET"]}}],"collection":[{"href":"https:\/\/www.gefleflytt.se\/en\/wp-json\/wp\/v2\/pages"}],"about":[{"href":"https:\/\/www.gefleflytt.se\/en\/wp-json\/wp\/v2\/types\/page"}],"author":[{"embeddable":true,"href":"https:\/\/www.gefleflytt.se\/en\/wp-json\/wp\/v2\/users\/1"}],"replies":[{"embeddable":true,"href":"https:\/\/www.gefleflytt.se\/en\/wp-json\/wp\/v2\/comments?post=1428"}],"version-history":[{"count":1,"href":"https:\/\/www.gefleflytt.se\/en\/wp-json\/wp\/v2\/pages\/1428\/revisions"}],"predecessor-version":[{"id":2472,"href":"https:\/\/www.gefleflytt.se\/en\/wp-json\/wp\/v2\/pages\/1428\/revisions\/2472"}],"wp:attachment":[{"href":"https:\/\/www.gefleflytt.se\/en\/wp-json\/wp\/v2\/media?parent=1428"}],"curies":[{"name":"wp","href":"https:\/\/api.w.org\/{rel}","templated":true}]}}