{"id":2724,"date":"2024-01-11T13:13:51","date_gmt":"2024-01-11T12:13:51","guid":{"rendered":"https:\/\/www.gefleflytt.se\/?page_id=2724"},"modified":"2025-04-04T12:51:52","modified_gmt":"2025-04-04T10:51:52","slug":"visselblasning","status":"publish","type":"page","link":"https:\/\/www.gefleflytt.se\/en\/visselblasning\/","title":{"rendered":"Visselbl\u00e5sning"},"content":{"rendered":"<div data-elementor-type=\"wp-page\" data-elementor-id=\"2724\" class=\"elementor elementor-2724\" wpc-filter-elementor-widget=\"1\" data-elementor-post-type=\"page\">\n\t\t\t\t\t\t<section class=\"elementor-section elementor-top-section elementor-element elementor-element-711e564 elementor-section-content-middle elementor-section-height-min-height elementor-section-boxed elementor-section-height-default elementor-section-items-middle\" data-id=\"711e564\" data-element_type=\"section\" data-e-type=\"section\" data-settings=\"{&quot;background_background&quot;:&quot;classic&quot;}\">\n\t\t\t\t\t\t\t<div class=\"elementor-background-overlay\"><\/div>\n\t\t\t\t\t\t\t<div class=\"elementor-container elementor-column-gap-default\">\n\t\t\t\t\t<div class=\"elementor-column elementor-col-50 elementor-top-column elementor-element elementor-element-26809f2\" data-id=\"26809f2\" data-element_type=\"column\" data-e-type=\"column\">\n\t\t\t<div class=\"elementor-widget-wrap elementor-element-populated\">\n\t\t\t\t\t\t<div class=\"elementor-element elementor-element-d73a4f0 animated-fast elementor-widget__width-initial elementor-invisible elementor-widget elementor-widget-heading\" data-id=\"d73a4f0\" data-element_type=\"widget\" data-e-type=\"widget\" data-settings=\"{&quot;_animation&quot;:&quot;fadeInDown&quot;}\" data-widget_type=\"heading.default\">\n\t\t\t\t<div class=\"elementor-widget-container\">\n\t\t\t\t\t<h1 class=\"elementor-heading-title elementor-size-default\">Visselbl\u00e5sning<\/h1>\t\t\t\t<\/div>\n\t\t\t\t<\/div>\n\t\t\t\t<div class=\"elementor-element elementor-element-c50df66 animated-fast elementor-widget__width-initial elementor-invisible elementor-widget elementor-widget-heading\" data-id=\"c50df66\" data-element_type=\"widget\" data-e-type=\"widget\" data-settings=\"{&quot;_animation&quot;:&quot;fadeInDown&quot;}\" data-widget_type=\"heading.default\">\n\t\t\t\t<div class=\"elementor-widget-container\">\n\t\t\t\t\t<h3 class=\"elementor-heading-title elementor-size-default\">P\u00e5 Gefleborgs Flyttservice<\/h3>\t\t\t\t<\/div>\n\t\t\t\t<\/div>\n\t\t\t\t<div class=\"elementor-element elementor-element-83542d2 animated-fast elementor-widget__width-initial elementor-invisible elementor-widget elementor-widget-text-editor\" data-id=\"83542d2\" data-element_type=\"widget\" data-e-type=\"widget\" data-settings=\"{&quot;_animation&quot;:&quot;fadeInDown&quot;,&quot;_animation_delay&quot;:100}\" data-widget_type=\"text-editor.default\">\n\t\t\t\t<div class=\"elementor-widget-container\">\n\t\t\t\t\t\t\t\t\t<p><span style=\"text-decoration: underline;\"><a href=\"https:\/\/www.gefleflytt.se\/wp-content\/uploads\/2024\/11\/Visselblasarpolicy.pdf\" target=\"_blank\" rel=\"noopener\">Visselbl\u00e5sarpolicyn\u00a0<\/a><\/span><\/p>\t\t\t\t\t\t\t\t<\/div>\n\t\t\t\t<\/div>\n\t\t\t\t\t<\/div>\n\t\t<\/div>\n\t\t\t\t<div class=\"elementor-column elementor-col-50 elementor-top-column elementor-element elementor-element-ed5e8fe elementor-hidden-tablet elementor-hidden-mobile\" data-id=\"ed5e8fe\" data-element_type=\"column\" data-e-type=\"column\">\n\t\t\t<div class=\"elementor-widget-wrap\">\n\t\t\t\t\t\t\t<\/div>\n\t\t<\/div>\n\t\t\t\t\t<\/div>\n\t\t<\/section>\n\t\t<div class=\"elementor-element elementor-element-99018ad e-flex e-con-boxed e-con e-parent\" data-id=\"99018ad\" data-element_type=\"container\" data-e-type=\"container\">\n\t\t\t\t\t<div class=\"e-con-inner\">\n\t\t\t\t<div class=\"elementor-element elementor-element-01546ee elementor-widget-divider--view-line elementor-widget elementor-widget-divider\" data-id=\"01546ee\" data-element_type=\"widget\" data-e-type=\"widget\" data-widget_type=\"divider.default\">\n\t\t\t\t<div class=\"elementor-widget-container\">\n\t\t\t\t\t\t\t<div class=\"elementor-divider\">\n\t\t\t<span class=\"elementor-divider-separator\">\n\t\t\t\t\t\t<\/span>\n\t\t<\/div>\n\t\t\t\t\t\t<\/div>\n\t\t\t\t<\/div>\n\t\t\t\t\t<\/div>\n\t\t\t\t<\/div>\n\t\t<div class=\"elementor-element elementor-element-039a3df e-flex e-con-boxed e-con e-parent\" data-id=\"039a3df\" data-element_type=\"container\" data-e-type=\"container\">\n\t\t\t\t\t<div class=\"e-con-inner\">\n\t\t<div class=\"elementor-element elementor-element-429c029 e-con-full e-flex e-con e-child\" data-id=\"429c029\" data-element_type=\"container\" data-e-type=\"container\">\n\t\t\t\t<div class=\"elementor-element elementor-element-8446ace elementor-widget elementor-widget-heading\" data-id=\"8446ace\" data-element_type=\"widget\" data-e-type=\"widget\" data-widget_type=\"heading.default\">\n\t\t\t\t<div class=\"elementor-widget-container\">\n\t\t\t\t\t<h2 class=\"elementor-heading-title elementor-size-default\">Varf\u00f6r visselbl\u00e5sa?<\/h2>\t\t\t\t<\/div>\n\t\t\t\t<\/div>\n\t\t\t\t<div class=\"elementor-element elementor-element-3c2c55b elementor-widget elementor-widget-text-editor\" data-id=\"3c2c55b\" data-element_type=\"widget\" data-e-type=\"widget\" data-widget_type=\"text-editor.default\">\n\t\t\t\t<div class=\"elementor-widget-container\">\n\t\t\t\t\t\t\t\t\t<p>P\u00e5 Gefleborgs Flyttservice str\u00e4var vi efter att att ha en \u00f6ppen och transparent arbetsplats, d\u00e4r missf\u00f6rh\u00e5llanden inte ska f\u00f6rekomma. Genom att ge er m\u00f6jlighet att visselbl\u00e5sa uppr\u00e4tth\u00e5ller vi det tillsammans.<\/p><p>Gefleborgs Flyttservice f\u00f6ljer aktuell lagstiftning g\u00e4llande visselbl\u00e5sning. Det \u00e4r m\u00f6jligt att sl\u00e5 larm om arbetsrelaterade missf\u00f6rh\u00e5llanden av allm\u00e4nintresse inom den verksamhet som rapport\u00f6ren \u00e4r, har varit eller kommer att verka i. Vi anv\u00e4nder <a href=\"https:\/\/visslan.com\/\" target=\"_blank\" rel=\"noopener\">Visslans visselbl\u00e5sarkanal<\/a> som s\u00e4kerst\u00e4ller din anonymitet och h\u00f6g s\u00e4kerhet och som du n\u00e5r genom att klicka h\u00e4r:<strong> <a href=\"https:\/\/gefleflytt.visslan-report.se\/\" target=\"_blank\" rel=\"noopener\">https:\/\/gefleflytt.visslan-report.se\/<\/a><\/strong><\/p>\t\t\t\t\t\t\t\t<\/div>\n\t\t\t\t<\/div>\n\t\t\t\t<\/div>\n\t\t<div class=\"elementor-element elementor-element-df57073 e-con-full e-flex e-con e-child\" data-id=\"df57073\" data-element_type=\"container\" data-e-type=\"container\">\n\t\t\t\t<div class=\"elementor-element elementor-element-aca45e3 elementor-widget elementor-widget-image\" data-id=\"aca45e3\" data-element_type=\"widget\" data-e-type=\"widget\" data-widget_type=\"image.default\">\n\t\t\t\t<div class=\"elementor-widget-container\">\n\t\t\t\t\t\t\t\t\t\t\t\t\t\t\t<img fetchpriority=\"high\" decoding=\"async\" width=\"800\" height=\"534\" src=\"https:\/\/www.gefleflytt.se\/wp-content\/uploads\/2023\/12\/Visselblasning-1024x683.webp\" class=\"attachment-large size-large wp-image-2727\" alt=\"\" srcset=\"https:\/\/www.gefleflytt.se\/wp-content\/uploads\/2023\/12\/Visselblasning-1024x683.webp 1024w, https:\/\/www.gefleflytt.se\/wp-content\/uploads\/2023\/12\/Visselblasning-300x200.webp 300w, https:\/\/www.gefleflytt.se\/wp-content\/uploads\/2023\/12\/Visselblasning-768x512.webp 768w, https:\/\/www.gefleflytt.se\/wp-content\/uploads\/2023\/12\/Visselblasning-1536x1024.webp 1536w, https:\/\/www.gefleflytt.se\/wp-content\/uploads\/2023\/12\/Visselblasning.webp 1920w, https:\/\/www.gefleflytt.se\/wp-content\/uploads\/2023\/12\/Visselblasning-600x400.webp 600w\" sizes=\"(max-width: 800px) 100vw, 800px\" \/>\t\t\t\t\t\t\t\t\t\t\t\t\t\t\t<\/div>\n\t\t\t\t<\/div>\n\t\t\t\t<\/div>\n\t\t\t\t\t<\/div>\n\t\t\t\t<\/div>\n\t\t<div class=\"elementor-element elementor-element-6405e4f e-flex e-con-boxed e-con e-parent\" data-id=\"6405e4f\" data-element_type=\"container\" data-e-type=\"container\">\n\t\t\t\t\t<div class=\"e-con-inner\">\n\t\t<div class=\"elementor-element elementor-element-9575f9a e-con-full e-flex e-con e-child\" data-id=\"9575f9a\" data-element_type=\"container\" data-e-type=\"container\">\n\t\t\t\t<div class=\"elementor-element elementor-element-cf7dc1c elementor-widget elementor-widget-heading\" data-id=\"cf7dc1c\" data-element_type=\"widget\" data-e-type=\"widget\" data-widget_type=\"heading.default\">\n\t\t\t\t<div class=\"elementor-widget-container\">\n\t\t\t\t\t<h2 class=\"elementor-heading-title elementor-size-default\">Vem kan rapportera?<\/h2>\t\t\t\t<\/div>\n\t\t\t\t<\/div>\n\t\t\t\t<div class=\"elementor-element elementor-element-b11c429 elementor-widget elementor-widget-text-editor\" data-id=\"b11c429\" data-element_type=\"widget\" data-e-type=\"widget\" data-widget_type=\"text-editor.default\">\n\t\t\t\t<div class=\"elementor-widget-container\">\n\t\t\t\t\t\t\t\t\t<p>F\u00f6renklat kan du rapportera missf\u00f6rh\u00e5llanden om du \u00e4r eller har varit verksam inom\u00a0Gefleborgs Flyttservice.<\/p><p>\u00c4r du os\u00e4ker uppmuntrar vi dig till att l\u00e4sa mer i v\u00e5r visselbl\u00e5sarpolicy l\u00e4ngre ner p\u00e5 sidan.<\/p>\t\t\t\t\t\t\t\t<\/div>\n\t\t\t\t<\/div>\n\t\t\t\t<\/div>\n\t\t<div class=\"elementor-element elementor-element-93215f5 e-con-full e-flex e-con e-child\" data-id=\"93215f5\" data-element_type=\"container\" data-e-type=\"container\">\n\t\t\t\t<div class=\"elementor-element elementor-element-5b9bd7d elementor-widget elementor-widget-heading\" data-id=\"5b9bd7d\" data-element_type=\"widget\" data-e-type=\"widget\" data-widget_type=\"heading.default\">\n\t\t\t\t<div class=\"elementor-widget-container\">\n\t\t\t\t\t<h2 class=\"elementor-heading-title elementor-size-default\">Vad kan rapporteras?<\/h2>\t\t\t\t<\/div>\n\t\t\t\t<\/div>\n\t\t\t\t<div class=\"elementor-element elementor-element-d29a678 elementor-widget elementor-widget-text-editor\" data-id=\"d29a678\" data-element_type=\"widget\" data-e-type=\"widget\" data-widget_type=\"text-editor.default\">\n\t\t\t\t<div class=\"elementor-widget-container\">\n\t\t\t\t\t\t\t\t\t<p>Du kan rapportera information om missf\u00f6rh\u00e5llanden i ett arbetsrelaterat sammanhang som det finns ett allm\u00e4nintresse av att de kommer fram. \u00c4r du os\u00e4ker uppmuntrar vi dig till att l\u00e4sa mer i v\u00e5r visselbl\u00e5sarpolicy. Du beh\u00f6ver inte bevis f\u00f6r din misstanke, men alla rapporteringar m\u00e5ste l\u00e4mnas i god tro.<\/p>\t\t\t\t\t\t\t\t<\/div>\n\t\t\t\t<\/div>\n\t\t\t\t<\/div>\n\t\t\t\t\t<\/div>\n\t\t\t\t<\/div>\n\t\t<div class=\"elementor-element elementor-element-258bf63 e-flex e-con-boxed e-con e-parent\" data-id=\"258bf63\" data-element_type=\"container\" data-e-type=\"container\">\n\t\t\t\t\t<div class=\"e-con-inner\">\n\t\t\t\t<div class=\"elementor-element elementor-element-9dc566b elementor-widget-divider--view-line elementor-widget elementor-widget-divider\" data-id=\"9dc566b\" data-element_type=\"widget\" data-e-type=\"widget\" data-widget_type=\"divider.default\">\n\t\t\t\t<div class=\"elementor-widget-container\">\n\t\t\t\t\t\t\t<div class=\"elementor-divider\">\n\t\t\t<span class=\"elementor-divider-separator\">\n\t\t\t\t\t\t<\/span>\n\t\t<\/div>\n\t\t\t\t\t\t<\/div>\n\t\t\t\t<\/div>\n\t\t\t\t\t<\/div>\n\t\t\t\t<\/div>\n\t\t<div class=\"elementor-element elementor-element-4b3de2b e-flex e-con-boxed e-con e-parent\" data-id=\"4b3de2b\" data-element_type=\"container\" data-e-type=\"container\">\n\t\t\t\t\t<div class=\"e-con-inner\">\n\t\t\t\t<div class=\"elementor-element elementor-element-42ac82c elementor-widget elementor-widget-heading\" data-id=\"42ac82c\" data-element_type=\"widget\" data-e-type=\"widget\" data-widget_type=\"heading.default\">\n\t\t\t\t<div class=\"elementor-widget-container\">\n\t\t\t\t\t<h2 class=\"elementor-heading-title elementor-size-default\">Hur hanteras rapporterna?<\/h2>\t\t\t\t<\/div>\n\t\t\t\t<\/div>\n\t\t\t\t<div class=\"elementor-element elementor-element-668a24e elementor-widget elementor-widget-text-editor\" data-id=\"668a24e\" data-element_type=\"widget\" data-e-type=\"widget\" data-widget_type=\"text-editor.default\">\n\t\t\t\t<div class=\"elementor-widget-container\">\n\t\t\t\t\t\t\t\t\t<p>Rapporteringen hanteras konfidentiellt. Samtliga personuppgifter utan relevans kommer att raderas, och \u00e4rendet sparas endast s\u00e5 l\u00e4nge det \u00e4r n\u00f6dv\u00e4ndigt.<\/p><p>Nedan kan du se fl\u00f6desschemat f\u00f6r visselbl\u00e5sningen.\u00a0<\/p>\t\t\t\t\t\t\t\t<\/div>\n\t\t\t\t<\/div>\n\t\t\t\t<div class=\"elementor-element elementor-element-56045d8 elementor-widget elementor-widget-image\" data-id=\"56045d8\" data-element_type=\"widget\" data-e-type=\"widget\" data-widget_type=\"image.default\">\n\t\t\t\t<div class=\"elementor-widget-container\">\n\t\t\t\t\t\t\t\t\t\t\t\t\t\t\t<img decoding=\"async\" width=\"800\" height=\"519\" src=\"https:\/\/www.gefleflytt.se\/wp-content\/uploads\/2023\/12\/schema-visselblasning-1024x664.webp\" class=\"attachment-large size-large wp-image-2726\" alt=\"\" srcset=\"https:\/\/www.gefleflytt.se\/wp-content\/uploads\/2023\/12\/schema-visselblasning-1024x664.webp 1024w, https:\/\/www.gefleflytt.se\/wp-content\/uploads\/2023\/12\/schema-visselblasning-300x195.webp 300w, https:\/\/www.gefleflytt.se\/wp-content\/uploads\/2023\/12\/schema-visselblasning-768x498.webp 768w, https:\/\/www.gefleflytt.se\/wp-content\/uploads\/2023\/12\/schema-visselblasning-1536x996.webp 1536w, https:\/\/www.gefleflytt.se\/wp-content\/uploads\/2023\/12\/schema-visselblasning.webp 1920w, https:\/\/www.gefleflytt.se\/wp-content\/uploads\/2023\/12\/schema-visselblasning-600x389.webp 600w\" sizes=\"(max-width: 800px) 100vw, 800px\" \/>\t\t\t\t\t\t\t\t\t\t\t\t\t\t\t<\/div>\n\t\t\t\t<\/div>\n\t\t\t\t\t<\/div>\n\t\t\t\t<\/div>\n\t\t<div class=\"elementor-element elementor-element-4f94708 e-flex e-con-boxed e-con e-parent\" data-id=\"4f94708\" data-element_type=\"container\" data-e-type=\"container\">\n\t\t\t\t\t<div class=\"e-con-inner\">\n\t\t<div class=\"elementor-element elementor-element-c8e55d7 e-con-full e-flex e-con e-child\" data-id=\"c8e55d7\" data-element_type=\"container\" data-e-type=\"container\">\n\t\t\t\t<div class=\"elementor-element elementor-element-42bc338 elementor-widget elementor-widget-heading\" data-id=\"42bc338\" data-element_type=\"widget\" data-e-type=\"widget\" data-widget_type=\"heading.default\">\n\t\t\t\t<div class=\"elementor-widget-container\">\n\t\t\t\t\t<h2 class=\"elementor-heading-title elementor-size-default\">Har du fler fr\u00e5gor?<\/h2>\t\t\t\t<\/div>\n\t\t\t\t<\/div>\n\t\t\t\t<div class=\"elementor-element elementor-element-ec06e4c elementor-widget elementor-widget-text-editor\" data-id=\"ec06e4c\" data-element_type=\"widget\" data-e-type=\"widget\" data-widget_type=\"text-editor.default\">\n\t\t\t\t<div class=\"elementor-widget-container\">\n\t\t\t\t\t\t\t\t\t<p>Om du vill veta mer om\u00a0Gefleborgs Flyttservice\u00a0hantering av visselbl\u00e5snings\u00e4renden, personuppgifter eller arbetsmilj\u00f6fr\u00e5gor l\u00e4s g\u00e4rna nedanst\u00e5ende dokument:<\/p><ul><li><strong><a href=\"https:\/\/www.gefleflytt.se\/wp-content\/uploads\/2025\/02\/Forenklad-visselblasarpolicy.pdf\" target=\"_blank\" rel=\"noopener\"><em>F\u00f6renklad visselbl\u00e5sarpolicy<\/em><\/a><\/strong><\/li><li><strong><a href=\"https:\/\/www.gefleflytt.se\/wp-content\/uploads\/2025\/02\/Visselblasarpolicy.pdf\" target=\"_blank\" rel=\"noopener\"><em>Fullst\u00e4ndig visselbl\u00e5sarpolicy<\/em><\/a><\/strong><\/li><li><strong><a href=\"https:\/\/www.gefleflytt.se\/en\/gdpr\/\" target=\"_blank\" rel=\"noopener\"><em>Integritetspolicy<\/em><\/a><\/strong><\/li><\/ul>\t\t\t\t\t\t\t\t<\/div>\n\t\t\t\t<\/div>\n\t\t\t\t<\/div>\n\t\t<div class=\"elementor-element elementor-element-a747061 e-con-full e-flex e-con e-child\" data-id=\"a747061\" data-element_type=\"container\" data-e-type=\"container\">\n\t\t\t\t<\/div>\n\t\t\t\t\t<\/div>\n\t\t\t\t<\/div>\n\t\t<div class=\"elementor-element elementor-element-fe7c4b7 e-flex e-con-boxed e-con e-parent\" data-id=\"fe7c4b7\" data-element_type=\"container\" data-e-type=\"container\">\n\t\t\t\t\t<div class=\"e-con-inner\">\n\t\t\t\t<div class=\"elementor-element elementor-element-a4c97a4 elementor-widget-divider--view-line elementor-widget elementor-widget-divider\" data-id=\"a4c97a4\" data-element_type=\"widget\" data-e-type=\"widget\" data-widget_type=\"divider.default\">\n\t\t\t\t<div class=\"elementor-widget-container\">\n\t\t\t\t\t\t\t<div class=\"elementor-divider\">\n\t\t\t<span class=\"elementor-divider-separator\">\n\t\t\t\t\t\t<\/span>\n\t\t<\/div>\n\t\t\t\t\t\t<\/div>\n\t\t\t\t<\/div>\n\t\t\t\t\t<\/div>\n\t\t\t\t<\/div>\n\t\t\t\t<\/div>","protected":false},"excerpt":{"rendered":"<p>Visselbl\u00e5sning P\u00e5 Gefleborgs Flyttservice Visselbl\u00e5sarpolicyn\u00a0 Varf\u00f6r visselbl\u00e5sa? P\u00e5 Gefleborgs Flyttservice str\u00e4var vi efter att att ha en \u00f6ppen och transparent arbetsplats, d\u00e4r missf\u00f6rh\u00e5llanden inte ska f\u00f6rekomma. Genom att ge er m\u00f6jlighet att visselbl\u00e5sa uppr\u00e4tth\u00e5ller vi det tillsammans. Gefleborgs Flyttservice f\u00f6ljer aktuell lagstiftning g\u00e4llande visselbl\u00e5sning. Det \u00e4r m\u00f6jligt att sl\u00e5 larm om arbetsrelaterade missf\u00f6rh\u00e5llanden av allm\u00e4nintresse [&hellip;]<\/p>\n","protected":false},"author":2,"featured_media":0,"parent":0,"menu_order":0,"comment_status":"closed","ping_status":"closed","template":"","meta":{"_monsterinsights_skip_tracking":false,"_monsterinsights_sitenote_active":false,"_monsterinsights_sitenote_note":"","_monsterinsights_sitenote_category":0,"footnotes":""},"class_list":["post-2724","page","type-page","status-publish","hentry"],"_links":{"self":[{"href":"https:\/\/www.gefleflytt.se\/en\/wp-json\/wp\/v2\/pages\/2724","targetHints":{"allow":["GET"]}}],"collection":[{"href":"https:\/\/www.gefleflytt.se\/en\/wp-json\/wp\/v2\/pages"}],"about":[{"href":"https:\/\/www.gefleflytt.se\/en\/wp-json\/wp\/v2\/types\/page"}],"author":[{"embeddable":true,"href":"https:\/\/www.gefleflytt.se\/en\/wp-json\/wp\/v2\/users\/2"}],"replies":[{"embeddable":true,"href":"https:\/\/www.gefleflytt.se\/en\/wp-json\/wp\/v2\/comments?post=2724"}],"version-history":[{"count":31,"href":"https:\/\/www.gefleflytt.se\/en\/wp-json\/wp\/v2\/pages\/2724\/revisions"}],"predecessor-version":[{"id":4650,"href":"https:\/\/www.gefleflytt.se\/en\/wp-json\/wp\/v2\/pages\/2724\/revisions\/4650"}],"wp:attachment":[{"href":"https:\/\/www.gefleflytt.se\/en\/wp-json\/wp\/v2\/media?parent=2724"}],"curies":[{"name":"wp","href":"https:\/\/api.w.org\/{rel}","templated":true}]}}