{"id":808,"date":"2023-05-03T15:43:47","date_gmt":"2023-05-03T13:43:47","guid":{"rendered":"https:\/\/www.gefleflytt.se\/?page_id=808"},"modified":"2023-06-15T12:19:42","modified_gmt":"2023-06-15T10:19:42","slug":"kopvillkor","status":"publish","type":"page","link":"https:\/\/www.gefleflytt.se\/en\/kopvillkor\/","title":{"rendered":"K\u00f6pvillkor"},"content":{"rendered":"<div data-elementor-type=\"wp-page\" data-elementor-id=\"808\" class=\"elementor elementor-808\" wpc-filter-elementor-widget=\"1\" data-elementor-post-type=\"page\">\n\t\t\t\t<div class=\"elementor-element elementor-element-59765fa e-flex e-con-boxed e-con e-parent\" data-id=\"59765fa\" data-element_type=\"container\" data-e-type=\"container\">\n\t\t\t\t\t<div class=\"e-con-inner\">\n\t\t\t\t<div class=\"elementor-element elementor-element-67a217a elementor-widget elementor-widget-text-editor\" data-id=\"67a217a\" data-element_type=\"widget\" data-e-type=\"widget\" data-widget_type=\"text-editor.default\">\n\t\t\t\t<div class=\"elementor-widget-container\">\n\t\t\t\t\t\t\t\t\t<p><strong>Priser och betalning<\/strong><\/p><p>Varje vara anges med pris inklusive moms. I kundvagnen kan du se det totala priset inklusive alla avgifter, moms, frakt och betalning.<br \/>Fraktvillkor finns angiven i kundvagnen beroende av valt frakts\u00e4tt.<\/p><p><strong>\u00c5ngerr\u00e4tt<\/strong><\/p><p>Din \u00e5ngerr\u00e4tt (\u00e5ngerfristen) g\u00e4ller under 14 dagar. I ditt meddelande till oss m\u00e5ste det klart framg\u00e5 att du \u00e5ngrar dig. \u00c5ngerfristen b\u00f6rjar l\u00f6pa fr\u00e5n den dag du tog emot varan eller en v\u00e4sentlig del av den. Om avtalet g\u00e4ller en specialtillverkad vara \u2013 eller en vara som f\u00e5tt en tydlig personlig pr\u00e4gel, b\u00f6rjar \u00e5ngerfristen l\u00f6pa den dag vi l\u00e4mnat information.<\/p><p><strong>N\u00e4r du utnyttjat din \u00e5ngerr\u00e4tt:<\/strong><\/p><p>Du \u00e4r skyldig att h\u00e5lla varan i lika gott skick som n\u00e4r du fick den. Du f\u00e5r inte anv\u00e4nda den, men naturligtvis f\u00f6rsiktigt unders\u00f6ka den. Om varan skadas eller kommer bort p\u00e5 grund av att du \u00e4r v\u00e5rdsl\u00f6s f\u00f6rlorar du \u00e5ngerr\u00e4tten.<\/p><p><strong>Privat Policy<\/strong><\/p><p>N\u00e4r du l\u00e4gger din best\u00e4llning hos oss uppger du dina personuppgifter. I samband med din registrering och best\u00e4llning godk\u00e4nner du att vi lagrar och anv\u00e4nder dina uppgifter i v\u00e5r verksamhet f\u00f6r att fullf\u00f6lja avtalet gentemot dig. Du har enligt Personuppgiftslagen r\u00e4tt att f\u00e5 den information som vi har registrerat om dig. Om den \u00e4r felaktig, ofullst\u00e4ndig eller irrelevant kan du beg\u00e4ra att informationen ska r\u00e4ttas eller tas bort. Kontakta oss i s\u00e5 fall via e-post.<\/p><p><strong>Cookies<\/strong><\/p><p>Denna webbutik anv\u00e4nder sig av cookies enligt Electronic Communications Act, 25 juli 2003. En cookie \u00e4r en liten textfil som lagras p\u00e5 din dator och som inneh\u00e5ller information f\u00f6r att hj\u00e4lpa webbutiken att identifiera och f\u00f6lja anv\u00e4ndare. Cookies finns som sessionscookies och som cookies som lagras permanent p\u00e5 din dator. Under tiden f\u00f6r ditt f\u00f6rsta bes\u00f6k i webbutiken blir din webbl\u00e4sare tilldelad en sessionscookie som \u00e4r unik och som anv\u00e4nds f\u00f6r att inte blanda ihop dig som anv\u00e4ndare med andra anv\u00e4ndare. F\u00f6r att kunna anv\u00e4nda webbutiken b\u00f6r du till\u00e5ta cookies i din webbl\u00e4sare. Denna typ av cookie anv\u00e4nds enbart f\u00f6r att ge dig som bes\u00f6kare en b\u00e4ttre upplevelse och support och lagrar inga personlig uppgifter om dig. Cookies kan raderas. I denna webbutik anv\u00e4nds cookies exempelvis f\u00f6r att h\u00e5lla koll p\u00e5 din kundvagn, dina inst\u00e4llningar och vilka sidor du bes\u00f6kt f\u00f6r att kunna ge dig en b\u00e4ttre kundupplevelse och support.<\/p><p><strong>Leveranser<\/strong><\/p><p>Du som kund har m\u00f6jlighet att v\u00e4lja om du vill ha din vara levererad hem till dig, eller h\u00e4mta sj\u00e4lv hos oss p\u00e5 L\u00f6t\u00e4ngsgatan 14, G\u00e4vle. \u00d6nskar du f\u00e5 hemleverans levereras din vara under tisdagar och torsdagar. Du kommer att f\u00e5 en notis n\u00e4r din vara ber\u00e4knas att levereras. \u00c4r du inte hemma under leveransdagen kommer dina varor att st\u00e4llas vid din ytterd\u00f6rr. Har du valt att h\u00e4mta dina varor p\u00e5 plats hos oss \u00e4r du v\u00e4lkommen att g\u00f6ra det helgfria vardagar mellan 08:00 &#8211; 15:00.<\/p><p>Har du fr\u00e5gor g\u00e4llande leveransen? Kontakta oss g\u00e4rna p\u00e5 026\u201318 40 40.<\/p><p><strong>Returer<\/strong><\/p><p>Returer sker p\u00e5 din egen bekostnad. Skulle varan vara defekt \u00e4r det Gefleborgs Flyttservice som st\u00e5r f\u00f6r returen.<\/p><p>N\u00e4r du utnyttjat din \u00e5ngerr\u00e4tt ska du,\u00a0om det g\u00e4ller en vara: s\u00e4nda eller l\u00e4mna tillbaka den till oss:<\/p><p>Gefleborgs Flyttservice AB<br \/>L\u00f6t\u00e4ngsgatan 14<br \/>803 01 G\u00e4vle<\/p><p><strong>\u00c5terbetalningsskyldighet<\/strong>:<\/p><p>Vi ska, om du utnyttjat din \u00e5ngerr\u00e4tt, betala tillbaka vad du har betalat f\u00f6r varan snarast eller senast inom 30 dagar fr\u00e5n den dag d\u00e5 vi tog emot varan. Du f\u00e5r sj\u00e4lv betala returkostnaderna n\u00e4r du s\u00e4nder tillbaka varan.\u00a0<\/p>\t\t\t\t\t\t\t\t<\/div>\n\t\t\t\t<\/div>\n\t\t\t\t\t<\/div>\n\t\t\t\t<\/div>\n\t\t\t\t<\/div>","protected":false},"excerpt":{"rendered":"<p>Priser och betalning Varje vara anges med pris inklusive moms. I kundvagnen kan du se det totala priset inklusive alla avgifter, moms, frakt och betalning.Fraktvillkor finns angiven i kundvagnen beroende av valt frakts\u00e4tt. \u00c5ngerr\u00e4tt Din \u00e5ngerr\u00e4tt (\u00e5ngerfristen) g\u00e4ller under 14 dagar. I ditt meddelande till oss m\u00e5ste det klart framg\u00e5 att du \u00e5ngrar dig. \u00c5ngerfristen [&hellip;]<\/p>\n","protected":false},"author":1,"featured_media":0,"parent":0,"menu_order":0,"comment_status":"closed","ping_status":"closed","template":"","meta":{"_monsterinsights_skip_tracking":false,"_monsterinsights_sitenote_active":false,"_monsterinsights_sitenote_note":"","_monsterinsights_sitenote_category":0,"footnotes":""},"class_list":["post-808","page","type-page","status-publish","hentry"],"_links":{"self":[{"href":"https:\/\/www.gefleflytt.se\/en\/wp-json\/wp\/v2\/pages\/808","targetHints":{"allow":["GET"]}}],"collection":[{"href":"https:\/\/www.gefleflytt.se\/en\/wp-json\/wp\/v2\/pages"}],"about":[{"href":"https:\/\/www.gefleflytt.se\/en\/wp-json\/wp\/v2\/types\/page"}],"author":[{"embeddable":true,"href":"https:\/\/www.gefleflytt.se\/en\/wp-json\/wp\/v2\/users\/1"}],"replies":[{"embeddable":true,"href":"https:\/\/www.gefleflytt.se\/en\/wp-json\/wp\/v2\/comments?post=808"}],"version-history":[{"count":1,"href":"https:\/\/www.gefleflytt.se\/en\/wp-json\/wp\/v2\/pages\/808\/revisions"}],"predecessor-version":[{"id":2539,"href":"https:\/\/www.gefleflytt.se\/en\/wp-json\/wp\/v2\/pages\/808\/revisions\/2539"}],"wp:attachment":[{"href":"https:\/\/www.gefleflytt.se\/en\/wp-json\/wp\/v2\/media?parent=808"}],"curies":[{"name":"wp","href":"https:\/\/api.w.org\/{rel}","templated":true}]}}