{"id":1365,"date":"2023-01-05T08:58:08","date_gmt":"2023-01-05T07:58:08","guid":{"rendered":"https:\/\/www.gefleflytt.se\/?post_type=product&#038;p=1365"},"modified":"2025-03-24T15:42:54","modified_gmt":"2025-03-24T14:42:54","slug":"etikett","status":"publish","type":"product","link":"https:\/\/www.gefleflytt.se\/en\/product\/etikett\/","title":{"rendered":"Etikett"},"content":{"rendered":"<p>H\u00e5ll ordning p\u00e5 dina nedpackade saker genom att s\u00e4tta etiketter p\u00e5 flyttl\u00e5dorna. Etiketterna till\u00e5ter egna kommentarer f\u00f6r att du bland annat enkelt ska kunna ange vad som finns i l\u00e5dan.<\/p>\n<p>Etikettrullarna inneh\u00e5ller totalt 100 stycken etiketter och finns i flera olika f\u00e4rger.<\/p>","protected":false},"excerpt":{"rendered":"<p>H\u00e5ll ordning p\u00e5 dina nedpackade saker genom att s\u00e4tta etiketter p\u00e5 flyttl\u00e5dorna. Etiketterna till\u00e5ter egna kommentarer f\u00f6r att du bland annat enkelt ska kunna ange vad som finns i l\u00e5dan. Etikettrullarna inneh\u00e5ller totalt 100 stycken etiketter och finns i flera olika f\u00e4rger.<\/p>","protected":false},"featured_media":1357,"comment_status":"closed","ping_status":"closed","template":"","meta":{"_monsterinsights_skip_tracking":false,"_monsterinsights_sitenote_active":false,"_monsterinsights_sitenote_note":"","_monsterinsights_sitenote_category":0},"product_brand":[],"product_cat":[38],"product_tag":[],"class_list":{"0":"post-1365","1":"product","2":"type-product","3":"status-publish","4":"has-post-thumbnail","6":"product_cat-etikett","8":"first","9":"instock","10":"taxable","11":"shipping-taxable","12":"purchasable","13":"product-type-variable"},"_links":{"self":[{"href":"https:\/\/www.gefleflytt.se\/en\/wp-json\/wp\/v2\/product\/1365","targetHints":{"allow":["GET"]}}],"collection":[{"href":"https:\/\/www.gefleflytt.se\/en\/wp-json\/wp\/v2\/product"}],"about":[{"href":"https:\/\/www.gefleflytt.se\/en\/wp-json\/wp\/v2\/types\/product"}],"replies":[{"embeddable":true,"href":"https:\/\/www.gefleflytt.se\/en\/wp-json\/wp\/v2\/comments?post=1365"}],"wp:featuredmedia":[{"embeddable":true,"href":"https:\/\/www.gefleflytt.se\/en\/wp-json\/wp\/v2\/media\/1357"}],"wp:attachment":[{"href":"https:\/\/www.gefleflytt.se\/en\/wp-json\/wp\/v2\/media?parent=1365"}],"wp:term":[{"taxonomy":"product_brand","embeddable":true,"href":"https:\/\/www.gefleflytt.se\/en\/wp-json\/wp\/v2\/product_brand?post=1365"},{"taxonomy":"product_cat","embeddable":true,"href":"https:\/\/www.gefleflytt.se\/en\/wp-json\/wp\/v2\/product_cat?post=1365"},{"taxonomy":"product_tag","embeddable":true,"href":"https:\/\/www.gefleflytt.se\/en\/wp-json\/wp\/v2\/product_tag?post=1365"}],"curies":[{"name":"wp","href":"https:\/\/api.w.org\/{rel}","templated":true}]}}