{"id":1369,"date":"2023-01-05T10:20:57","date_gmt":"2023-01-05T09:20:57","guid":{"rendered":"https:\/\/www.gefleflytt.se\/?post_type=product&#038;p=1369"},"modified":"2025-03-24T15:42:23","modified_gmt":"2025-03-24T14:42:23","slug":"industrisack-410l","status":"publish","type":"product","link":"https:\/\/www.gefleflytt.se\/en\/product\/industrisack-410l\/","title":{"rendered":"Industris\u00e4ck 410L"},"content":{"rendered":"<p>Vissa saker \u00e4r sv\u00e5ra att packa ned i kartonger p\u00e5grund av storlek. Anv\u00e4nd ist\u00e4llet industris\u00e4cken f\u00f6r nedpackning av soffkuddarna, t\u00e4cken mm.<\/p>\n<p>S\u00e4cken har h\u00f6g bottenstyrka vilket f\u00f6rhindrar och s\u00e4kerst\u00e4ller att s\u00e4cken inte spriker eller blir ot\u00e4t.<\/p>\n<p>En rulle inneh\u00e5ller 10 stycken s\u00e4ckar<\/p>","protected":false},"excerpt":{"rendered":"<p>Vissa saker \u00e4r sv\u00e5ra att packa ned i kartonger p\u00e5grund av storlek. Anv\u00e4nd ist\u00e4llet industris\u00e4cken f\u00f6r nedpackning av soffkuddarna, t\u00e4cken mm. S\u00e4cken har h\u00f6g bottenstyrka vilket f\u00f6rhindrar och s\u00e4kerst\u00e4ller att s\u00e4cken inte spriker eller blir ot\u00e4t. En rulle inneh\u00e5ller 10 stycken s\u00e4ckar<\/p>","protected":false},"featured_media":1368,"comment_status":"closed","ping_status":"closed","template":"","meta":{"_monsterinsights_skip_tracking":false,"_monsterinsights_sitenote_active":false,"_monsterinsights_sitenote_note":"","_monsterinsights_sitenote_category":0},"product_brand":[],"product_cat":[25],"product_tag":[],"class_list":{"0":"post-1369","1":"product","2":"type-product","3":"status-publish","4":"has-post-thumbnail","6":"product_cat-tillbehor","8":"first","9":"instock","10":"taxable","11":"shipping-taxable","12":"purchasable","13":"product-type-simple"},"_links":{"self":[{"href":"https:\/\/www.gefleflytt.se\/en\/wp-json\/wp\/v2\/product\/1369","targetHints":{"allow":["GET"]}}],"collection":[{"href":"https:\/\/www.gefleflytt.se\/en\/wp-json\/wp\/v2\/product"}],"about":[{"href":"https:\/\/www.gefleflytt.se\/en\/wp-json\/wp\/v2\/types\/product"}],"replies":[{"embeddable":true,"href":"https:\/\/www.gefleflytt.se\/en\/wp-json\/wp\/v2\/comments?post=1369"}],"wp:featuredmedia":[{"embeddable":true,"href":"https:\/\/www.gefleflytt.se\/en\/wp-json\/wp\/v2\/media\/1368"}],"wp:attachment":[{"href":"https:\/\/www.gefleflytt.se\/en\/wp-json\/wp\/v2\/media?parent=1369"}],"wp:term":[{"taxonomy":"product_brand","embeddable":true,"href":"https:\/\/www.gefleflytt.se\/en\/wp-json\/wp\/v2\/product_brand?post=1369"},{"taxonomy":"product_cat","embeddable":true,"href":"https:\/\/www.gefleflytt.se\/en\/wp-json\/wp\/v2\/product_cat?post=1369"},{"taxonomy":"product_tag","embeddable":true,"href":"https:\/\/www.gefleflytt.se\/en\/wp-json\/wp\/v2\/product_tag?post=1369"}],"curies":[{"name":"wp","href":"https:\/\/api.w.org\/{rel}","templated":true}]}}