{"id":1370,"date":"2023-01-05T11:59:02","date_gmt":"2023-01-05T10:59:02","guid":{"rendered":"https:\/\/www.gefleflytt.se\/?post_type=product&#038;p=1370"},"modified":"2023-04-27T12:40:53","modified_gmt":"2023-04-27T10:40:53","slug":"bubbelplast","status":"publish","type":"product","link":"https:\/\/www.gefleflytt.se\/en\/product\/bubbelplast\/","title":{"rendered":"Bubbelplast"},"content":{"rendered":"<p>Har du \u00f6mt\u00e5liga saker som ska flyttas? Packa p\u00e5 b\u00e4sta s\u00e4tt med hj\u00e4lp av bubbelplast som ger extra skydd till dina m\u00f6bler och inredning. Bubbelplasten har extra stora och skyddande bubblor<\/p>\n<p>Plasten s\u00e4ljs metervis.<\/p>","protected":false},"excerpt":{"rendered":"<p>Har du \u00f6mt\u00e5liga saker som ska flyttas? Packa p\u00e5 b\u00e4sta s\u00e4tt med hj\u00e4lp av bubbelplast som ger extra skydd till dina m\u00f6bler och inredning. Bubbelplasten har extra stora och skyddande bubblor Plasten s\u00e4ljs metervis.<\/p>","protected":false},"featured_media":1355,"comment_status":"closed","ping_status":"closed","template":"","meta":{"_monsterinsights_skip_tracking":false,"_monsterinsights_sitenote_active":false,"_monsterinsights_sitenote_note":"","_monsterinsights_sitenote_category":0},"product_brand":[],"product_cat":[25],"product_tag":[],"class_list":{"0":"post-1370","1":"product","2":"type-product","3":"status-publish","4":"has-post-thumbnail","6":"product_cat-tillbehor","8":"first","9":"instock","10":"taxable","11":"shipping-taxable","12":"purchasable","13":"product-type-simple"},"_links":{"self":[{"href":"https:\/\/www.gefleflytt.se\/en\/wp-json\/wp\/v2\/product\/1370","targetHints":{"allow":["GET"]}}],"collection":[{"href":"https:\/\/www.gefleflytt.se\/en\/wp-json\/wp\/v2\/product"}],"about":[{"href":"https:\/\/www.gefleflytt.se\/en\/wp-json\/wp\/v2\/types\/product"}],"replies":[{"embeddable":true,"href":"https:\/\/www.gefleflytt.se\/en\/wp-json\/wp\/v2\/comments?post=1370"}],"wp:featuredmedia":[{"embeddable":true,"href":"https:\/\/www.gefleflytt.se\/en\/wp-json\/wp\/v2\/media\/1355"}],"wp:attachment":[{"href":"https:\/\/www.gefleflytt.se\/en\/wp-json\/wp\/v2\/media?parent=1370"}],"wp:term":[{"taxonomy":"product_brand","embeddable":true,"href":"https:\/\/www.gefleflytt.se\/en\/wp-json\/wp\/v2\/product_brand?post=1370"},{"taxonomy":"product_cat","embeddable":true,"href":"https:\/\/www.gefleflytt.se\/en\/wp-json\/wp\/v2\/product_cat?post=1370"},{"taxonomy":"product_tag","embeddable":true,"href":"https:\/\/www.gefleflytt.se\/en\/wp-json\/wp\/v2\/product_tag?post=1370"}],"curies":[{"name":"wp","href":"https:\/\/api.w.org\/{rel}","templated":true}]}}