{"id":1373,"date":"2023-01-05T14:09:09","date_gmt":"2023-01-05T13:09:09","guid":{"rendered":"https:\/\/www.gefleflytt.se\/?post_type=product&#038;p=1373"},"modified":"2025-03-24T15:39:11","modified_gmt":"2025-03-24T14:39:11","slug":"strackfilm-stor","status":"publish","type":"product","link":"https:\/\/www.gefleflytt.se\/en\/product\/strackfilm-stor\/","title":{"rendered":"Str\u00e4ckfilm stor"},"content":{"rendered":"<p>Str\u00e4ckfilm \u00e4r perfekt f\u00f6r inplastning av st\u00f6rre m\u00f6bler s\u00e5 som soffor och f\u00e5t\u00f6ljer. Plasten skyddar m\u00f6beln mot smuts, fukt och g\u00f6r den enklare att flytta. Ger inget avtryck p\u00e5 m\u00f6beln och l\u00e4tt att ta bort.<\/p>\n<p>M\u00e5tt: 45cm x 300m<\/p>","protected":false},"excerpt":{"rendered":"<p>Str\u00e4ckfilm \u00e4r perfekt f\u00f6r inplastning av st\u00f6rre m\u00f6bler s\u00e5 som soffor och f\u00e5t\u00f6ljer. Plasten skyddar m\u00f6beln mot smuts, fukt och g\u00f6r den enklare att flytta. Ger inget avtryck p\u00e5 m\u00f6beln och l\u00e4tt att ta bort. M\u00e5tt: 45cm x 300m<\/p>","protected":false},"featured_media":1386,"comment_status":"closed","ping_status":"closed","template":"","meta":{"_monsterinsights_skip_tracking":false,"_monsterinsights_sitenote_active":false,"_monsterinsights_sitenote_note":"","_monsterinsights_sitenote_category":0},"product_brand":[],"product_cat":[25],"product_tag":[],"class_list":{"0":"post-1373","1":"product","2":"type-product","3":"status-publish","4":"has-post-thumbnail","6":"product_cat-tillbehor","8":"first","9":"instock","10":"taxable","11":"shipping-taxable","12":"purchasable","13":"product-type-simple"},"_links":{"self":[{"href":"https:\/\/www.gefleflytt.se\/en\/wp-json\/wp\/v2\/product\/1373","targetHints":{"allow":["GET"]}}],"collection":[{"href":"https:\/\/www.gefleflytt.se\/en\/wp-json\/wp\/v2\/product"}],"about":[{"href":"https:\/\/www.gefleflytt.se\/en\/wp-json\/wp\/v2\/types\/product"}],"replies":[{"embeddable":true,"href":"https:\/\/www.gefleflytt.se\/en\/wp-json\/wp\/v2\/comments?post=1373"}],"wp:featuredmedia":[{"embeddable":true,"href":"https:\/\/www.gefleflytt.se\/en\/wp-json\/wp\/v2\/media\/1386"}],"wp:attachment":[{"href":"https:\/\/www.gefleflytt.se\/en\/wp-json\/wp\/v2\/media?parent=1373"}],"wp:term":[{"taxonomy":"product_brand","embeddable":true,"href":"https:\/\/www.gefleflytt.se\/en\/wp-json\/wp\/v2\/product_brand?post=1373"},{"taxonomy":"product_cat","embeddable":true,"href":"https:\/\/www.gefleflytt.se\/en\/wp-json\/wp\/v2\/product_cat?post=1373"},{"taxonomy":"product_tag","embeddable":true,"href":"https:\/\/www.gefleflytt.se\/en\/wp-json\/wp\/v2\/product_tag?post=1373"}],"curies":[{"name":"wp","href":"https:\/\/api.w.org\/{rel}","templated":true}]}}