{"id":1407,"date":"2023-01-05T14:51:24","date_gmt":"2023-01-05T13:51:24","guid":{"rendered":"https:\/\/www.gefleflytt.se\/?post_type=product&#038;p=1407"},"modified":"2025-03-24T15:38:50","modified_gmt":"2025-03-24T14:38:50","slug":"strackfilmshallare","status":"publish","type":"product","link":"https:\/\/www.gefleflytt.se\/en\/product\/strackfilmshallare\/","title":{"rendered":"Str\u00e4ckfilmsh\u00e5llare"},"content":{"rendered":"<p>Men en str\u00e4ckfilmsh\u00e5llare f\u00f6renklar du arbetet med ministr\u00e4cksfilmen. Effektivisera packprocessen och s\u00e4kerst\u00e4ll en ergonomisk arbetsmilj\u00f6.<\/p>","protected":false},"excerpt":{"rendered":"<p>Men en str\u00e4ckfilmsh\u00e5llare f\u00f6renklar du arbetet med ministr\u00e4cksfilmen. Effektivisera packprocessen och s\u00e4kerst\u00e4ll en ergonomisk arbetsmilj\u00f6.<\/p>","protected":false},"featured_media":1406,"comment_status":"closed","ping_status":"closed","template":"","meta":{"_monsterinsights_skip_tracking":false,"_monsterinsights_sitenote_active":false,"_monsterinsights_sitenote_note":"","_monsterinsights_sitenote_category":0},"product_brand":[],"product_cat":[25],"product_tag":[],"class_list":{"0":"post-1407","1":"product","2":"type-product","3":"status-publish","4":"has-post-thumbnail","6":"product_cat-tillbehor","8":"first","9":"instock","10":"taxable","11":"shipping-taxable","12":"purchasable","13":"product-type-simple"},"_links":{"self":[{"href":"https:\/\/www.gefleflytt.se\/en\/wp-json\/wp\/v2\/product\/1407","targetHints":{"allow":["GET"]}}],"collection":[{"href":"https:\/\/www.gefleflytt.se\/en\/wp-json\/wp\/v2\/product"}],"about":[{"href":"https:\/\/www.gefleflytt.se\/en\/wp-json\/wp\/v2\/types\/product"}],"replies":[{"embeddable":true,"href":"https:\/\/www.gefleflytt.se\/en\/wp-json\/wp\/v2\/comments?post=1407"}],"wp:featuredmedia":[{"embeddable":true,"href":"https:\/\/www.gefleflytt.se\/en\/wp-json\/wp\/v2\/media\/1406"}],"wp:attachment":[{"href":"https:\/\/www.gefleflytt.se\/en\/wp-json\/wp\/v2\/media?parent=1407"}],"wp:term":[{"taxonomy":"product_brand","embeddable":true,"href":"https:\/\/www.gefleflytt.se\/en\/wp-json\/wp\/v2\/product_brand?post=1407"},{"taxonomy":"product_cat","embeddable":true,"href":"https:\/\/www.gefleflytt.se\/en\/wp-json\/wp\/v2\/product_cat?post=1407"},{"taxonomy":"product_tag","embeddable":true,"href":"https:\/\/www.gefleflytt.se\/en\/wp-json\/wp\/v2\/product_tag?post=1407"}],"curies":[{"name":"wp","href":"https:\/\/api.w.org\/{rel}","templated":true}]}}