{"id":1550,"date":"2023-01-12T08:31:54","date_gmt":"2023-01-12T07:31:54","guid":{"rendered":"https:\/\/www.gefleflytt.se\/?post_type=product&#038;p=1550"},"modified":"2025-03-24T15:38:31","modified_gmt":"2025-03-24T14:38:31","slug":"wellskiva-mellanlagg","status":"publish","type":"product","link":"https:\/\/www.gefleflytt.se\/en\/product\/wellskiva-mellanlagg\/","title":{"rendered":"Wellskiva mellanl\u00e4gg"},"content":{"rendered":"<p>Wellskivan fungerar utm\u00e4rkt som mellanl\u00e4gg mellan tavlor, sk\u00e4rmar eller andra platta f\u00f6rem\u00e5l i v\u00e5ra <a href=\"https:\/\/www.gefleflytt.se\/en\/product\/tavelkartong\/\">tavelkartonger<\/a>.<\/p>\n<p>Skivorna l\u00e4mpar sig \u00e4ven till annan emballering av k\u00e4nsliga f\u00f6rem\u00e5l<\/p>\n<p>M\u00e5tt: 75 x 115cm<\/p>\n<p>&nbsp;<\/p>","protected":false},"excerpt":{"rendered":"<p>Wellskivan fungerar utm\u00e4rkt som mellanl\u00e4gg mellan tavlor, sk\u00e4rmar eller andra platta f\u00f6rem\u00e5l i v\u00e5ra tavelkartonger. Skivorna l\u00e4mpar sig \u00e4ven till annan emballering av k\u00e4nsliga f\u00f6rem\u00e5l M\u00e5tt: 75 x 115cm &nbsp;<\/p>","protected":false},"featured_media":1549,"comment_status":"closed","ping_status":"closed","template":"","meta":{"_monsterinsights_skip_tracking":false,"_monsterinsights_sitenote_active":false,"_monsterinsights_sitenote_note":"","_monsterinsights_sitenote_category":0},"product_brand":[],"product_cat":[23],"product_tag":[],"class_list":{"0":"post-1550","1":"product","2":"type-product","3":"status-publish","4":"has-post-thumbnail","6":"product_cat-okategoriserad","8":"first","9":"instock","10":"taxable","11":"shipping-taxable","12":"purchasable","13":"product-type-simple"},"_links":{"self":[{"href":"https:\/\/www.gefleflytt.se\/en\/wp-json\/wp\/v2\/product\/1550","targetHints":{"allow":["GET"]}}],"collection":[{"href":"https:\/\/www.gefleflytt.se\/en\/wp-json\/wp\/v2\/product"}],"about":[{"href":"https:\/\/www.gefleflytt.se\/en\/wp-json\/wp\/v2\/types\/product"}],"replies":[{"embeddable":true,"href":"https:\/\/www.gefleflytt.se\/en\/wp-json\/wp\/v2\/comments?post=1550"}],"wp:featuredmedia":[{"embeddable":true,"href":"https:\/\/www.gefleflytt.se\/en\/wp-json\/wp\/v2\/media\/1549"}],"wp:attachment":[{"href":"https:\/\/www.gefleflytt.se\/en\/wp-json\/wp\/v2\/media?parent=1550"}],"wp:term":[{"taxonomy":"product_brand","embeddable":true,"href":"https:\/\/www.gefleflytt.se\/en\/wp-json\/wp\/v2\/product_brand?post=1550"},{"taxonomy":"product_cat","embeddable":true,"href":"https:\/\/www.gefleflytt.se\/en\/wp-json\/wp\/v2\/product_cat?post=1550"},{"taxonomy":"product_tag","embeddable":true,"href":"https:\/\/www.gefleflytt.se\/en\/wp-json\/wp\/v2\/product_tag?post=1550"}],"curies":[{"name":"wp","href":"https:\/\/api.w.org\/{rel}","templated":true}]}}