{"id":1552,"date":"2023-01-12T09:47:52","date_gmt":"2023-01-12T08:47:52","guid":{"rendered":"https:\/\/www.gefleflytt.se\/?post_type=product&#038;p=1552"},"modified":"2023-04-27T12:40:53","modified_gmt":"2023-04-27T10:40:53","slug":"kantskydd","status":"publish","type":"product","link":"https:\/\/www.gefleflytt.se\/en\/product\/kantskydd\/","title":{"rendered":"Kantskydd"},"content":{"rendered":"<p>Skydda dina m\u00f6bler extra med hj\u00e4lp av kantskyddet. Passar utm\u00e4rkt f\u00f6r att skydda b\u00e5de kanter, h\u00f6rn och rundade profiler. Exempel p\u00e5 m\u00f6bler du kan anv\u00e4nda kantskyddet till:<\/p>\n<ul>\n<li>Tavlor<\/li>\n<li>TV<\/li>\n<li>Bordsskivan<\/li>\n<li>Stolar<\/li>\n<\/ul>\n<p>Kantskyddet s\u00e4ljs metervis.<\/p>","protected":false},"excerpt":{"rendered":"<p>Skydda dina m\u00f6bler extra med hj\u00e4lp av kantskyddet. Passar utm\u00e4rkt f\u00f6r att skydda b\u00e5de kanter, h\u00f6rn och rundade profiler. Exempel p\u00e5 m\u00f6bler du kan anv\u00e4nda kantskyddet till: Tavlor TV Bordsskivan Stolar Kantskyddet s\u00e4ljs metervis.<\/p>","protected":false},"featured_media":1363,"comment_status":"closed","ping_status":"closed","template":"","meta":{"_monsterinsights_skip_tracking":false,"_monsterinsights_sitenote_active":false,"_monsterinsights_sitenote_note":"","_monsterinsights_sitenote_category":0},"product_brand":[],"product_cat":[25],"product_tag":[],"class_list":{"0":"post-1552","1":"product","2":"type-product","3":"status-publish","4":"has-post-thumbnail","6":"product_cat-tillbehor","8":"first","9":"instock","10":"taxable","11":"shipping-taxable","12":"purchasable","13":"product-type-simple"},"_links":{"self":[{"href":"https:\/\/www.gefleflytt.se\/en\/wp-json\/wp\/v2\/product\/1552","targetHints":{"allow":["GET"]}}],"collection":[{"href":"https:\/\/www.gefleflytt.se\/en\/wp-json\/wp\/v2\/product"}],"about":[{"href":"https:\/\/www.gefleflytt.se\/en\/wp-json\/wp\/v2\/types\/product"}],"replies":[{"embeddable":true,"href":"https:\/\/www.gefleflytt.se\/en\/wp-json\/wp\/v2\/comments?post=1552"}],"wp:featuredmedia":[{"embeddable":true,"href":"https:\/\/www.gefleflytt.se\/en\/wp-json\/wp\/v2\/media\/1363"}],"wp:attachment":[{"href":"https:\/\/www.gefleflytt.se\/en\/wp-json\/wp\/v2\/media?parent=1552"}],"wp:term":[{"taxonomy":"product_brand","embeddable":true,"href":"https:\/\/www.gefleflytt.se\/en\/wp-json\/wp\/v2\/product_brand?post=1552"},{"taxonomy":"product_cat","embeddable":true,"href":"https:\/\/www.gefleflytt.se\/en\/wp-json\/wp\/v2\/product_cat?post=1552"},{"taxonomy":"product_tag","embeddable":true,"href":"https:\/\/www.gefleflytt.se\/en\/wp-json\/wp\/v2\/product_tag?post=1552"}],"curies":[{"name":"wp","href":"https:\/\/api.w.org\/{rel}","templated":true}]}}