{"id":1554,"date":"2023-01-12T10:04:16","date_gmt":"2023-01-12T09:04:16","guid":{"rendered":"https:\/\/www.gefleflytt.se\/?post_type=product&#038;p=1554"},"modified":"2023-04-27T12:40:53","modified_gmt":"2023-04-27T10:40:53","slug":"enkelwell-120cm","status":"publish","type":"product","link":"https:\/\/www.gefleflytt.se\/en\/product\/enkelwell-120cm\/","title":{"rendered":"Enkelwell 120cm"},"content":{"rendered":"<p>Packmaterial som \u00e4r perfekt f\u00f6r att skydda dina k\u00e4nsliga \u00e4godelar vid flytt och transport. Med sin stora flexibilitet och skydd mot st\u00f6tar \u00e4r enkelwell idealisk f\u00f6r att sl\u00e5 in produkter f\u00f6r extra skydd i kartongen eller p\u00e5 bilen under din flytt.<\/p>\n<p>Wellen s\u00e4ljs metervis<\/p>\n<p>M\u00e5tt: 120cm<\/p>","protected":false},"excerpt":{"rendered":"<p>Packmaterial som \u00e4r perfekt f\u00f6r att skydda dina k\u00e4nsliga \u00e4godelar vid flytt och transport. Med sin stora flexibilitet och skydd mot st\u00f6tar \u00e4r enkelwell idealisk f\u00f6r att sl\u00e5 in produkter f\u00f6r extra skydd i kartongen eller p\u00e5 bilen under din flytt. Wellen s\u00e4ljs metervis M\u00e5tt: 120cm<\/p>","protected":false},"featured_media":1553,"comment_status":"closed","ping_status":"closed","template":"","meta":{"_monsterinsights_skip_tracking":false,"_monsterinsights_sitenote_active":false,"_monsterinsights_sitenote_note":"","_monsterinsights_sitenote_category":0},"product_brand":[],"product_cat":[25],"product_tag":[],"class_list":{"0":"post-1554","1":"product","2":"type-product","3":"status-publish","4":"has-post-thumbnail","6":"product_cat-tillbehor","8":"first","9":"instock","10":"taxable","11":"shipping-taxable","12":"purchasable","13":"product-type-simple"},"_links":{"self":[{"href":"https:\/\/www.gefleflytt.se\/en\/wp-json\/wp\/v2\/product\/1554","targetHints":{"allow":["GET"]}}],"collection":[{"href":"https:\/\/www.gefleflytt.se\/en\/wp-json\/wp\/v2\/product"}],"about":[{"href":"https:\/\/www.gefleflytt.se\/en\/wp-json\/wp\/v2\/types\/product"}],"replies":[{"embeddable":true,"href":"https:\/\/www.gefleflytt.se\/en\/wp-json\/wp\/v2\/comments?post=1554"}],"wp:featuredmedia":[{"embeddable":true,"href":"https:\/\/www.gefleflytt.se\/en\/wp-json\/wp\/v2\/media\/1553"}],"wp:attachment":[{"href":"https:\/\/www.gefleflytt.se\/en\/wp-json\/wp\/v2\/media?parent=1554"}],"wp:term":[{"taxonomy":"product_brand","embeddable":true,"href":"https:\/\/www.gefleflytt.se\/en\/wp-json\/wp\/v2\/product_brand?post=1554"},{"taxonomy":"product_cat","embeddable":true,"href":"https:\/\/www.gefleflytt.se\/en\/wp-json\/wp\/v2\/product_cat?post=1554"},{"taxonomy":"product_tag","embeddable":true,"href":"https:\/\/www.gefleflytt.se\/en\/wp-json\/wp\/v2\/product_tag?post=1554"}],"curies":[{"name":"wp","href":"https:\/\/api.w.org\/{rel}","templated":true}]}}