{"id":1567,"date":"2023-01-12T13:31:35","date_gmt":"2023-01-12T12:31:35","guid":{"rendered":"https:\/\/www.gefleflytt.se\/?post_type=product&#038;p=1567"},"modified":"2025-03-24T15:35:59","modified_gmt":"2025-03-24T14:35:59","slug":"etikett-omtaligt-gods-2","status":"publish","type":"product","link":"https:\/\/www.gefleflytt.se\/en\/product\/etikett-omtaligt-gods-2\/","title":{"rendered":"Etikett &#8211; \u00d6mt\u00e5ligt gods 10 stycken"},"content":{"rendered":"<p>Etiketten \u201dHanteras Varsamt, \u00d6mt\u00e5ligt Gods\u201d \u00e4r perfekt att s\u00e4tta p\u00e5 flyttkartongen, brevet eller paketet f\u00f6r att upplysa om extra varsamhet.<\/p>\n<p>Etikettrullarna inneh\u00e5ller totalt 10 stycken etiketter<\/p>","protected":false},"excerpt":{"rendered":"<p>Etiketten \u201dHanteras Varsamt, \u00d6mt\u00e5ligt Gods\u201d \u00e4r perfekt att s\u00e4tta p\u00e5 flyttkartongen, brevet eller paketet f\u00f6r att upplysa om extra varsamhet. Etikettrullarna inneh\u00e5ller totalt 10 stycken etiketter<\/p>","protected":false},"featured_media":1561,"comment_status":"closed","ping_status":"closed","template":"","meta":{"_monsterinsights_skip_tracking":false,"_monsterinsights_sitenote_active":false,"_monsterinsights_sitenote_note":"","_monsterinsights_sitenote_category":0},"product_brand":[],"product_cat":[38],"product_tag":[],"class_list":{"0":"post-1567","1":"product","2":"type-product","3":"status-publish","4":"has-post-thumbnail","6":"product_cat-etikett","8":"first","9":"instock","10":"taxable","11":"shipping-taxable","12":"purchasable","13":"product-type-simple"},"_links":{"self":[{"href":"https:\/\/www.gefleflytt.se\/en\/wp-json\/wp\/v2\/product\/1567","targetHints":{"allow":["GET"]}}],"collection":[{"href":"https:\/\/www.gefleflytt.se\/en\/wp-json\/wp\/v2\/product"}],"about":[{"href":"https:\/\/www.gefleflytt.se\/en\/wp-json\/wp\/v2\/types\/product"}],"replies":[{"embeddable":true,"href":"https:\/\/www.gefleflytt.se\/en\/wp-json\/wp\/v2\/comments?post=1567"}],"wp:featuredmedia":[{"embeddable":true,"href":"https:\/\/www.gefleflytt.se\/en\/wp-json\/wp\/v2\/media\/1561"}],"wp:attachment":[{"href":"https:\/\/www.gefleflytt.se\/en\/wp-json\/wp\/v2\/media?parent=1567"}],"wp:term":[{"taxonomy":"product_brand","embeddable":true,"href":"https:\/\/www.gefleflytt.se\/en\/wp-json\/wp\/v2\/product_brand?post=1567"},{"taxonomy":"product_cat","embeddable":true,"href":"https:\/\/www.gefleflytt.se\/en\/wp-json\/wp\/v2\/product_cat?post=1567"},{"taxonomy":"product_tag","embeddable":true,"href":"https:\/\/www.gefleflytt.se\/en\/wp-json\/wp\/v2\/product_tag?post=1567"}],"curies":[{"name":"wp","href":"https:\/\/api.w.org\/{rel}","templated":true}]}}