{"id":1582,"date":"2023-01-19T11:56:03","date_gmt":"2023-01-19T10:56:03","guid":{"rendered":"https:\/\/www.gefleflytt.se\/?post_type=product&#038;p=1582"},"modified":"2025-03-24T15:32:21","modified_gmt":"2025-03-24T14:32:21","slug":"begagnad-flyttkartong","status":"publish","type":"product","link":"https:\/\/www.gefleflytt.se\/en\/product\/begagnad-flyttkartong\/","title":{"rendered":"Begagnad Flyttkartong"},"content":{"rendered":"<p>Begagnad flyttkartong i h\u00f6g kvalitet! Denna flyttkartong h\u00e5ller en av marknadens h\u00f6gsta kvaliteter. Flyttkartongen st\u00f6djer branschens ansvarsbest\u00e4mmelser och \u00e4r FSC m\u00e4rkt, milj\u00f6v\u00e4nlig och \u00e4ven extremt h\u00e5llbar. Detta \u00e4r en flyttl\u00e5da du kan f\u00f6rvara i f\u00f6rr\u00e5det och anv\u00e4nda flera g\u00e5nger om. Dessutom m\u00e5ttanpassad f\u00f6r professionella flyttfordon!<\/p>\n<p>Teknisk information:<br \/>\nMaterial: 5 lager wellpapp<br \/>\nM\u00e5tt: 563x330x420 mm (inv\u00e4ndigt format)<\/p>\n<p>FSC M\u00e4rkt<\/p>","protected":false},"excerpt":{"rendered":"<p>Detta \u00e4r en flyttkartong.<\/p>","protected":false},"featured_media":2516,"comment_status":"closed","ping_status":"closed","template":"","meta":{"_monsterinsights_skip_tracking":false,"_monsterinsights_sitenote_active":false,"_monsterinsights_sitenote_note":"","_monsterinsights_sitenote_category":0},"product_brand":[],"product_cat":[26],"product_tag":[],"class_list":{"0":"post-1582","1":"product","2":"type-product","3":"status-publish","4":"has-post-thumbnail","6":"product_cat-kartonger","8":"first","9":"instock","10":"taxable","11":"shipping-taxable","12":"purchasable","13":"product-type-simple"},"_links":{"self":[{"href":"https:\/\/www.gefleflytt.se\/en\/wp-json\/wp\/v2\/product\/1582","targetHints":{"allow":["GET"]}}],"collection":[{"href":"https:\/\/www.gefleflytt.se\/en\/wp-json\/wp\/v2\/product"}],"about":[{"href":"https:\/\/www.gefleflytt.se\/en\/wp-json\/wp\/v2\/types\/product"}],"replies":[{"embeddable":true,"href":"https:\/\/www.gefleflytt.se\/en\/wp-json\/wp\/v2\/comments?post=1582"}],"wp:featuredmedia":[{"embeddable":true,"href":"https:\/\/www.gefleflytt.se\/en\/wp-json\/wp\/v2\/media\/2516"}],"wp:attachment":[{"href":"https:\/\/www.gefleflytt.se\/en\/wp-json\/wp\/v2\/media?parent=1582"}],"wp:term":[{"taxonomy":"product_brand","embeddable":true,"href":"https:\/\/www.gefleflytt.se\/en\/wp-json\/wp\/v2\/product_brand?post=1582"},{"taxonomy":"product_cat","embeddable":true,"href":"https:\/\/www.gefleflytt.se\/en\/wp-json\/wp\/v2\/product_cat?post=1582"},{"taxonomy":"product_tag","embeddable":true,"href":"https:\/\/www.gefleflytt.se\/en\/wp-json\/wp\/v2\/product_tag?post=1582"}],"curies":[{"name":"wp","href":"https:\/\/api.w.org\/{rel}","templated":true}]}}