{"id":4422,"date":"2025-03-18T09:46:34","date_gmt":"2025-03-18T08:46:34","guid":{"rendered":"https:\/\/www.gefleflytt.se\/?post_type=product&#038;p=4422"},"modified":"2025-04-28T09:28:18","modified_gmt":"2025-04-28T07:28:18","slug":"begagnade-flyttkartonger-10-pack","status":"publish","type":"product","link":"https:\/\/www.gefleflytt.se\/en\/product\/begagnade-flyttkartonger-10-pack\/","title":{"rendered":"Utg\u00e5ende begagnade flyttkartonger 10-pack"},"content":{"rendered":"<h3 data-start=\"168\" data-end=\"227\"><strong data-start=\"172\" data-end=\"225\">Begagnade flyttkartonger \u2013 h\u00f6g kvalitet i 10-pack<\/strong><\/h3>\n<p data-start=\"228\" data-end=\"455\">Stabila och h\u00e5llbara flyttkartonger i en av marknadens h\u00f6gsta kvaliteter! V\u00e5ra kartonger \u00e4r FSC-m\u00e4rkta, milj\u00f6v\u00e4nliga och konstruerade f\u00f6r att klara tuffa tag. Perfekta f\u00f6r b\u00e5de flytt och f\u00f6rvaring \u2013 anv\u00e4nd dem om och om igen.<\/p>\n<p data-start=\"457\" data-end=\"578\">Flyttkartongerna uppfyller branschens ansvarsbest\u00e4mmelser och \u00e4r dessutom m\u00e5ttanpassade f\u00f6r professionella flyttfordon.<\/p>\n<p data-start=\"580\" data-end=\"611\"><strong data-start=\"585\" data-end=\"609\">Teknisk information:<\/strong><\/p>\n<p data-start=\"580\" data-end=\"611\"><strong data-start=\"614\" data-end=\"627\">Material:<\/strong> 5-lagers wellpapp<br data-start=\"645\" data-end=\"648\" \/><strong data-start=\"650\" data-end=\"659\">M\u00e5tt:<\/strong> 563 \u00d7 330 \u00d7 420 mm (inv\u00e4ndigt format)<br data-start=\"697\" data-end=\"700\" \/><strong data-start=\"702\" data-end=\"712\">Milj\u00f6:<\/strong> FSC-m\u00e4rkt<\/p>","protected":false},"excerpt":{"rendered":"<p>Begagnade flyttkartonger \u2013 h\u00f6g kvalitet i 10-pack Stabila och h\u00e5llbara flyttkartonger i en av marknadens h\u00f6gsta kvaliteter! V\u00e5ra kartonger \u00e4r FSC-m\u00e4rkta, milj\u00f6v\u00e4nliga och konstruerade f\u00f6r att klara tuffa tag. Perfekta f\u00f6r b\u00e5de flytt och f\u00f6rvaring \u2013 anv\u00e4nd dem om och om igen. Flyttkartongerna uppfyller branschens ansvarsbest\u00e4mmelser och \u00e4r dessutom m\u00e5ttanpassade f\u00f6r professionella flyttfordon. Teknisk information: [&hellip;]<\/p>\n","protected":false},"featured_media":1080,"comment_status":"closed","ping_status":"closed","template":"","meta":{"_monsterinsights_skip_tracking":false,"_monsterinsights_sitenote_active":false,"_monsterinsights_sitenote_note":"","_monsterinsights_sitenote_category":0},"product_brand":[],"product_cat":[26],"product_tag":[],"class_list":{"0":"post-4422","1":"product","2":"type-product","3":"status-publish","4":"has-post-thumbnail","6":"product_cat-kartonger","8":"first","9":"instock","10":"taxable","11":"shipping-taxable","12":"purchasable","13":"product-type-simple"},"_links":{"self":[{"href":"https:\/\/www.gefleflytt.se\/en\/wp-json\/wp\/v2\/product\/4422","targetHints":{"allow":["GET"]}}],"collection":[{"href":"https:\/\/www.gefleflytt.se\/en\/wp-json\/wp\/v2\/product"}],"about":[{"href":"https:\/\/www.gefleflytt.se\/en\/wp-json\/wp\/v2\/types\/product"}],"replies":[{"embeddable":true,"href":"https:\/\/www.gefleflytt.se\/en\/wp-json\/wp\/v2\/comments?post=4422"}],"wp:featuredmedia":[{"embeddable":true,"href":"https:\/\/www.gefleflytt.se\/en\/wp-json\/wp\/v2\/media\/1080"}],"wp:attachment":[{"href":"https:\/\/www.gefleflytt.se\/en\/wp-json\/wp\/v2\/media?parent=4422"}],"wp:term":[{"taxonomy":"product_brand","embeddable":true,"href":"https:\/\/www.gefleflytt.se\/en\/wp-json\/wp\/v2\/product_brand?post=4422"},{"taxonomy":"product_cat","embeddable":true,"href":"https:\/\/www.gefleflytt.se\/en\/wp-json\/wp\/v2\/product_cat?post=4422"},{"taxonomy":"product_tag","embeddable":true,"href":"https:\/\/www.gefleflytt.se\/en\/wp-json\/wp\/v2\/product_tag?post=4422"}],"curies":[{"name":"wp","href":"https:\/\/api.w.org\/{rel}","templated":true}]}}