{"id":4932,"date":"2025-07-01T09:38:05","date_gmt":"2025-07-01T07:38:05","guid":{"rendered":"https:\/\/www.gefleflytt.se\/?post_type=product&#038;p=4932"},"modified":"2025-07-01T09:48:18","modified_gmt":"2025-07-01T07:48:18","slug":"begagnad-garderobskartong","status":"publish","type":"product","link":"https:\/\/www.gefleflytt.se\/en\/product\/begagnad-garderobskartong\/","title":{"rendered":"Begagnad Garderobskartong"},"content":{"rendered":"<p>Transportera dina kl\u00e4der tryggt och s\u00e4kert med hj\u00e4lp av garderobskartongen. Kartongen \u00e4r utrustad med pl\u00e5th\u00e4ngare f\u00f6r att enkelt kunna h\u00e4nga upp kl\u00e4derna direkt fr\u00e5n garderoben in i kartongen. Denna kartong passar \u00e4ven utm\u00e4rkt f\u00f6r att transportera lampor.<\/p>\n<p>Tips, h\u00e4nger du upp kl\u00e4derna i garderobskartongen finns det g\u00e5tt om utrymme i botten f\u00f6r dina skor.<\/p>\n<p><strong>M\u00e5tt:\u00a0<\/strong><\/p>\n<p>Bredd: 57,5cm<\/p>\n<p>Djup: 49,5cm<\/p>\n<p>H\u00f6jd: 128,5cm<\/p>","protected":false},"excerpt":{"rendered":"<p>Begagnad Garderobskartong<\/p>","protected":false},"featured_media":1082,"comment_status":"closed","ping_status":"closed","template":"","meta":{"_monsterinsights_skip_tracking":false,"_monsterinsights_sitenote_active":false,"_monsterinsights_sitenote_note":"","_monsterinsights_sitenote_category":0},"product_brand":[],"product_cat":[26],"product_tag":[],"class_list":{"0":"post-4932","1":"product","2":"type-product","3":"status-publish","4":"has-post-thumbnail","6":"product_cat-kartonger","8":"first","9":"instock","10":"taxable","11":"shipping-taxable","12":"purchasable","13":"product-type-simple"},"_links":{"self":[{"href":"https:\/\/www.gefleflytt.se\/en\/wp-json\/wp\/v2\/product\/4932","targetHints":{"allow":["GET"]}}],"collection":[{"href":"https:\/\/www.gefleflytt.se\/en\/wp-json\/wp\/v2\/product"}],"about":[{"href":"https:\/\/www.gefleflytt.se\/en\/wp-json\/wp\/v2\/types\/product"}],"replies":[{"embeddable":true,"href":"https:\/\/www.gefleflytt.se\/en\/wp-json\/wp\/v2\/comments?post=4932"}],"wp:featuredmedia":[{"embeddable":true,"href":"https:\/\/www.gefleflytt.se\/en\/wp-json\/wp\/v2\/media\/1082"}],"wp:attachment":[{"href":"https:\/\/www.gefleflytt.se\/en\/wp-json\/wp\/v2\/media?parent=4932"}],"wp:term":[{"taxonomy":"product_brand","embeddable":true,"href":"https:\/\/www.gefleflytt.se\/en\/wp-json\/wp\/v2\/product_brand?post=4932"},{"taxonomy":"product_cat","embeddable":true,"href":"https:\/\/www.gefleflytt.se\/en\/wp-json\/wp\/v2\/product_cat?post=4932"},{"taxonomy":"product_tag","embeddable":true,"href":"https:\/\/www.gefleflytt.se\/en\/wp-json\/wp\/v2\/product_tag?post=4932"}],"curies":[{"name":"wp","href":"https:\/\/api.w.org\/{rel}","templated":true}]}}