{"id":821,"date":"2022-10-24T11:06:32","date_gmt":"2022-10-24T09:06:32","guid":{"rendered":"https:\/\/www.gefleflytt.se\/?post_type=product&#038;p=821"},"modified":"2023-07-10T15:18:21","modified_gmt":"2023-07-10T13:18:21","slug":"tavelkartong","status":"publish","type":"product","link":"https:\/\/www.gefleflytt.se\/en\/product\/tavelkartong\/","title":{"rendered":"Tavelkartong"},"content":{"rendered":"<p>Tavelkartongen \u00e4r en kartong i platt format som l\u00e4mpar sig utm\u00e4rkt till tavlor, sk\u00e4rmar eller annat \u00f6mt\u00e5ligt gods.<\/p>\n<p>Tips,\u00a0 skydda inneh\u00e5llet i kartongen med hj\u00e4lp av <a href=\"https:\/\/www.gefleflytt.se\/en\/product\/wellskiva-mellanlagg\/\">Wellskiva mellanl\u00e4gg<\/a><\/p>\n<p>Kartongerna \u00e4r RESY-m\u00e4rkta vilket garanterar att de \u00e4r \u00e5tervinningsbara som wellpapp.<\/p>\n<p><strong>M\u00e5tt:<\/strong><\/p>\n<p>Bredd: 116cm<\/p>\n<p>H\u00f6jd: 83cm<\/p>\n<p>Djup: 17cm<\/p>","protected":false},"excerpt":{"rendered":"<p>Tavelkartong<\/p>","protected":false},"featured_media":1084,"comment_status":"closed","ping_status":"closed","template":"","meta":{"_monsterinsights_skip_tracking":false,"_monsterinsights_sitenote_active":false,"_monsterinsights_sitenote_note":"","_monsterinsights_sitenote_category":0},"product_brand":[],"product_cat":[26],"product_tag":[],"class_list":{"0":"post-821","1":"product","2":"type-product","3":"status-publish","4":"has-post-thumbnail","6":"product_cat-kartonger","8":"first","9":"instock","10":"taxable","11":"shipping-taxable","12":"purchasable","13":"product-type-simple"},"_links":{"self":[{"href":"https:\/\/www.gefleflytt.se\/en\/wp-json\/wp\/v2\/product\/821","targetHints":{"allow":["GET"]}}],"collection":[{"href":"https:\/\/www.gefleflytt.se\/en\/wp-json\/wp\/v2\/product"}],"about":[{"href":"https:\/\/www.gefleflytt.se\/en\/wp-json\/wp\/v2\/types\/product"}],"replies":[{"embeddable":true,"href":"https:\/\/www.gefleflytt.se\/en\/wp-json\/wp\/v2\/comments?post=821"}],"wp:featuredmedia":[{"embeddable":true,"href":"https:\/\/www.gefleflytt.se\/en\/wp-json\/wp\/v2\/media\/1084"}],"wp:attachment":[{"href":"https:\/\/www.gefleflytt.se\/en\/wp-json\/wp\/v2\/media?parent=821"}],"wp:term":[{"taxonomy":"product_brand","embeddable":true,"href":"https:\/\/www.gefleflytt.se\/en\/wp-json\/wp\/v2\/product_brand?post=821"},{"taxonomy":"product_cat","embeddable":true,"href":"https:\/\/www.gefleflytt.se\/en\/wp-json\/wp\/v2\/product_cat?post=821"},{"taxonomy":"product_tag","embeddable":true,"href":"https:\/\/www.gefleflytt.se\/en\/wp-json\/wp\/v2\/product_tag?post=821"}],"curies":[{"name":"wp","href":"https:\/\/api.w.org\/{rel}","templated":true}]}}